{"id":392,"date":"2017-01-19T11:30:38","date_gmt":"2017-01-19T10:30:38","guid":{"rendered":"https:\/\/kestaremesto.grkatke.sk\/?page_id=392"},"modified":"2017-07-24T14:07:40","modified_gmt":"2017-07-24T12:07:40","slug":"manzelstvo","status":"publish","type":"page","link":"https:\/\/kestaremesto.grkatke.sk\/?page_id=392","title":{"rendered":"SVIATOS\u0164 MAN\u017dELSTVA"},"content":{"rendered":"<div style=\"text-align: justify;\"><img loading=\"lazy\" decoding=\"async\" class=\" wp-image-737 alignright\" src=\"https:\/\/kestaremesto.grkatke.sk\/wp-content\/uploads\/2017\/01\/wedding-cana-300x237.jpg\" alt=\"\" width=\"424\" height=\"335\" srcset=\"https:\/\/kestaremesto.grkatke.sk\/wp-content\/uploads\/2017\/01\/wedding-cana-300x237.jpg 300w, https:\/\/kestaremesto.grkatke.sk\/wp-content\/uploads\/2017\/01\/wedding-cana.jpg 640w\" sizes=\"auto, (max-width: 424px) 100vw, 424px\" \/>Mnoh\u00ed venuj\u00fa ve\u013ek\u00fa pozornos\u0165 pr\u00edprave na svoj svadobn\u00fd de\u0148.\u00a0Pozv\u00e1nky, \u0161aty, kvety, torty, s\u00e1la, jedl\u00e1, hudba&#8230; A ka\u017ed\u00fd chce, aby v\u0161etko bolo dokonal\u00e9,\u00a0aby tento de\u0148 patril len neveste a \u017een\u00edchovi. Ale zab\u00fada sa na tie \u010fal\u0161ie dni.\u00a0Ve\u010f man\u017eelstvo je viac ako svadobn\u00fd de\u0148. Je celo\u017eivotnou udalos\u0165ou, spolo\u010dn\u00fdm pre\u017e\u00edvan\u00edm ka\u017ed\u00e9ho d\u0148a &#8211; slne\u010dn\u00e9ho i zamra\u010den\u00e9ho.<\/div>\n<div style=\"text-align: justify;\">\n<p>Sviatos\u0165 man\u017eelstva je znakom spojenia Je\u017ei\u0161a Krista a\u00a0Cirkvi. D\u00e1va man\u017eelom milos\u0165 milova\u0165 sa l\u00e1skou, akou Je\u017ei\u0161 Kristus miloval svoju Cirkev. Takto milos\u0165 sviatosti man\u017eelstva zdokona\u013euje \u013eudsk\u00fa l\u00e1sku man\u017eelov, posil\u0148uje ich nerozlu\u010dite\u013en\u00fa jednotu a\u00a0posv\u00e4cuje ich na ceste do ve\u010dn\u00e9ho \u017eivota (porov. KKC 1661).\u00a0Tajomstvo a\u00a0podstata sviatosti man\u017eelstva teda spo\u010d\u00edva v\u00a0tom, \u017ee s\u00e1m Boh, ktor\u00fd je l\u00e1ska, sa chce darova\u0165 \u010dloveku aj cez sk\u00fasenos\u0165 a\u00a0kr\u00e1su \u013eudskej l\u00e1sky.<\/p>\n<p>Man\u017eelstvo vznik\u00e1 ako zv\u00e4zok na z\u00e1klade slobodn\u00e9ho s\u00fahlasu obidvoch str\u00e1n. Tento dobrovo\u013en\u00fd akt v\u00f4le je pre uzatvorenie man\u017eelstva absol\u00fatne posledn\u00fd a\u00a0nevyhnutn\u00fd (porov. KKC 1638). Man\u017eelstvo teda vznik\u00e1 z\u00a0v\u00f4le Bo\u017eej i\u00a0\u013eudskej. Od Boha poch\u00e1dza jeho ustanovenie, cie\u013e i\u00a0pr\u00e1va a\u00a0od \u013eud\u00ed vz\u00e1jomn\u00e9 d\u00e1vanie sa jeden druh\u00e9mu. Man\u017eelsk\u00e9 zjednotenie, ktor\u00e9 sa realizuje na rovine tiel, charakterov i\u00a0s\u0155dc, \u00famyslov i\u00a0v\u00f4le, je umocnen\u00e9 cez dar nov\u00e9ho zjednotenia l\u00e1sky, ktor\u00fa kres\u0165ansk\u00fdm man\u017eelom d\u00e1va Sv\u00e4t\u00fd Duch po\u010das vysl\u00fa\u017eenia sviatosti man\u017eelstva a\u00a0tie\u017e po\u010das jeho trvania.<\/p>\n<\/div>\n<div style=\"text-align: justify;\"><img loading=\"lazy\" decoding=\"async\" class=\"size-medium wp-image-738 alignleft\" src=\"https:\/\/kestaremesto.grkatke.sk\/wp-content\/uploads\/2017\/01\/37dfd599e1-300x200.jpg\" alt=\"\" width=\"300\" height=\"200\" srcset=\"https:\/\/kestaremesto.grkatke.sk\/wp-content\/uploads\/2017\/01\/37dfd599e1-300x200.jpg 300w, https:\/\/kestaremesto.grkatke.sk\/wp-content\/uploads\/2017\/01\/37dfd599e1.jpg 468w\" sizes=\"auto, (max-width: 300px) 100vw, 300px\" \/>Preto Katol\u00edcka Cirkev, h\u013eadaj\u00fac v prvom rade \u0161\u0165astie bud\u00facich man\u017eelov, \u017eiada vykona\u0165 si pred sob\u00e1\u0161om pr\u00edpravu na man\u017eelstvo, ktor\u00e9 v na\u0161ej farnosti m\u00f4\u017ee ma\u0165 jednu z dvoch\u00a0foriem:<\/div>\n<div style=\"text-align: justify;\">1. Pr\u00edprava vo forme 5 stretnut\u00ed na \u0160kole sn\u00fabencov, ktor\u00e1 sa organizuje nieko\u013ekokr\u00e1t do roka v Pastora\u010dnom centre na\u0161ej farnosti, a n\u00e1sledn\u00fdch\u00a0individu\u00e1lnych stretnut\u00ed s k\u0148azom vo\u00a0farnosti.<\/div>\n<div style=\"text-align: justify;\">2. Pr\u00edprava vo forme v\u00edkendov\u00e9ho kurzu napr. na Sigorde v <a href=\"http:\/\/centrumsigord.sk\/aktualna-ponuka-2\/\">Centre pre rodinu<\/a> alebo <a href=\"http:\/\/www.domanzelstva.sk\/\">na in\u00fdch miestach na Slovensku.<\/a><\/div>\n<div style=\"text-align: justify;\">Bez oh\u013eadu na v\u00fdber pr\u00edpravy je nutn\u00e9 jedno stretnutie v dostato\u010dnom predstihu\u00a0pred term\u00ednom sob\u00e1\u0161a na vyp\u00edsanie cirkevnej z\u00e1pisnice (je potrebn\u00e9 prinies\u0165 aktu\u00e1lne krstn\u00e9 listy sn\u00fabencov). Pred sob\u00e1\u0161om je potrebn\u00e9 e\u0161te jedno stretnutie oh\u013eadne pr\u00edpravy na liturgick\u00fd obrad sviatosti man\u017eelstva.<\/div>\n<div style=\"text-align: justify;\">V pr\u00edpade zva\u017eovania uzavretia man\u017eelstva V\u00e1s pros\u00edme, aby ste n\u00e1s kontaktovali \u010do najsk\u00f4r (aspo\u0148 3 mesiace vopred) pre rezerv\u00e1ciu term\u00ednu a dohodnutie formy pr\u00edpravy.<\/div>\n<div style=\"text-align: justify;\"><\/div>\n<div>\n<p style=\"text-align: justify;\">Aby sob\u00e1\u0161 v chr\u00e1me\u00a0mal \u00fa\u010dinky pred \u0161t\u00e1tom, je potrebn\u00e9 vyp\u00edsa\u0165 a\u00a0potvrdi\u0165 formul\u00e1r \u201e<em>\u017diados\u0165 o\u00a0uzavret\u00ed man\u017eelstva,<\/em>\u201c ktor\u00fd si vyzdvihnete vo Farskej kancel\u00e1rii alebo priamo na\u00a0 Matri\u010dnom \u00farade.<\/p>\n<p style=\"text-align: justify;\">Miestny \u00farad Mestskej \u010dasti Ko\u0161ice \u2013\u00a0Star\u00e9 Mesto<br \/>\nHviezdoslavova 7,\u00a0040 34 Ko\u0161ice-Star\u00e9 Mesto<br \/>\n<em>\u010d. dver\u00ed:<\/em> 34\/ pr\u00edz.<br \/>\n<em>tel. \u010d.: <\/em>055-6827173<br \/>\n<em>e-mail: <\/em>monika.otiepkova @ kosice-city.sk<br \/>\n<em>\u00daradn\u00e9 hodiny <\/em>: pondelok a streda: 7:30-12:00, 13:00 &#8211; 15:00; utorok: 7:30-12:00; piatok: 8:00-12:00<\/p>\n<\/div>\n","protected":false},"excerpt":{"rendered":"<p>Mnoh\u00ed venuj\u00fa ve\u013ek\u00fa pozornos\u0165 pr\u00edprave na svoj svadobn\u00fd de\u0148.\u00a0Pozv\u00e1nky, \u0161aty, kvety, torty, s\u00e1la, jedl\u00e1, hudba&#8230; A ka\u017ed\u00fd chce, aby v\u0161etko bolo dokonal\u00e9,\u00a0aby tento de\u0148 patril len neveste a \u017een\u00edchovi. Ale zab\u00fada sa na tie \u010fal\u0161ie dni.\u00a0Ve\u010f man\u017eelstvo je viac ako svadobn\u00fd de\u0148. Je celo\u017eivotnou udalos\u0165ou, spolo\u010dn\u00fdm pre\u017e\u00edvan\u00edm ka\u017ed\u00e9ho d\u0148a &#8211; slne\u010dn\u00e9ho i zamra\u010den\u00e9ho. Sviatos\u0165 man\u017eelstva [&hellip;]<\/p>\n","protected":false},"author":2,"featured_media":0,"parent":0,"menu_order":0,"comment_status":"closed","ping_status":"closed","template":"","meta":{"_coblocks_attr":"","_coblocks_dimensions":"","_coblocks_responsive_height":"","_coblocks_accordion_ie_support":"","footnotes":""},"class_list":["post-392","page","type-page","status-publish","hentry"],"yoast_head":"<!-- This site is optimized with the Yoast SEO plugin v27.4 - https:\/\/yoast.com\/product\/yoast-seo-wordpress\/ -->\n<title>SVIATOS\u0164 MAN\u017dELSTVA - GR\u00c9CKOKATOL\u00cdCKA CIRKEV FARNOS\u0164 KO\u0160ICE - STAR\u00c9 MESTO<\/title>\n<meta name=\"robots\" content=\"index, follow, max-snippet:-1, max-image-preview:large, max-video-preview:-1\" \/>\n<link rel=\"canonical\" href=\"https:\/\/kestaremesto.grkatke.sk\/?page_id=392\" \/>\n<meta property=\"og:locale\" content=\"sk_SK\" \/>\n<meta property=\"og:type\" content=\"article\" \/>\n<meta property=\"og:title\" content=\"SVIATOS\u0164 MAN\u017dELSTVA - GR\u00c9CKOKATOL\u00cdCKA CIRKEV FARNOS\u0164 KO\u0160ICE - STAR\u00c9 MESTO\" \/>\n<meta property=\"og:description\" content=\"Mnoh\u00ed venuj\u00fa ve\u013ek\u00fa pozornos\u0165 pr\u00edprave na svoj svadobn\u00fd de\u0148.\u00a0Pozv\u00e1nky, \u0161aty, kvety, torty, s\u00e1la, jedl\u00e1, hudba&#8230; A ka\u017ed\u00fd chce, aby v\u0161etko bolo dokonal\u00e9,\u00a0aby tento de\u0148 patril len neveste a \u017een\u00edchovi. Ale zab\u00fada sa na tie \u010fal\u0161ie dni.\u00a0Ve\u010f man\u017eelstvo je viac ako svadobn\u00fd de\u0148. Je celo\u017eivotnou udalos\u0165ou, spolo\u010dn\u00fdm pre\u017e\u00edvan\u00edm ka\u017ed\u00e9ho d\u0148a &#8211; slne\u010dn\u00e9ho i zamra\u010den\u00e9ho. Sviatos\u0165 man\u017eelstva [&hellip;]\" \/>\n<meta property=\"og:url\" content=\"https:\/\/kestaremesto.grkatke.sk\/?page_id=392\" \/>\n<meta property=\"og:site_name\" content=\"GR\u00c9CKOKATOL\u00cdCKA CIRKEV FARNOS\u0164 KO\u0160ICE - STAR\u00c9 MESTO\" \/>\n<meta property=\"article:publisher\" content=\"https:\/\/www.facebook.com\/Na%c5%a1a-Katedr%c3%a1la-231637610336060\/\" \/>\n<meta property=\"article:modified_time\" content=\"2017-07-24T12:07:40+00:00\" \/>\n<meta property=\"og:image\" content=\"https:\/\/kestaremesto.grkatke.sk\/wp-content\/uploads\/2017\/01\/wedding-cana-300x237.jpg\" \/>\n<meta name=\"twitter:card\" content=\"summary_large_image\" \/>\n<meta name=\"twitter:label1\" content=\"Predpokladan\u00fd \u010das \u010d\u00edtania\" \/>\n\t<meta name=\"twitter:data1\" content=\"3 min\u00faty\" \/>\n<script type=\"application\/ld+json\" class=\"yoast-schema-graph\">{\"@context\":\"https:\\\/\\\/schema.org\",\"@graph\":[{\"@type\":\"WebPage\",\"@id\":\"https:\\\/\\\/kestaremesto.grkatke.sk\\\/?page_id=392\",\"url\":\"https:\\\/\\\/kestaremesto.grkatke.sk\\\/?page_id=392\",\"name\":\"SVIATOS\u0164 MAN\u017dELSTVA - GR\u00c9CKOKATOL\u00cdCKA CIRKEV FARNOS\u0164 KO\u0160ICE - STAR\u00c9 MESTO\",\"isPartOf\":{\"@id\":\"https:\\\/\\\/kestaremesto.grkatke.sk\\\/#website\"},\"primaryImageOfPage\":{\"@id\":\"https:\\\/\\\/kestaremesto.grkatke.sk\\\/?page_id=392#primaryimage\"},\"image\":{\"@id\":\"https:\\\/\\\/kestaremesto.grkatke.sk\\\/?page_id=392#primaryimage\"},\"thumbnailUrl\":\"https:\\\/\\\/kestaremesto.grkatke.sk\\\/wp-content\\\/uploads\\\/2017\\\/01\\\/wedding-cana-300x237.jpg\",\"datePublished\":\"2017-01-19T10:30:38+00:00\",\"dateModified\":\"2017-07-24T12:07:40+00:00\",\"breadcrumb\":{\"@id\":\"https:\\\/\\\/kestaremesto.grkatke.sk\\\/?page_id=392#breadcrumb\"},\"inLanguage\":\"sk-SK\",\"potentialAction\":[{\"@type\":\"ReadAction\",\"target\":[\"https:\\\/\\\/kestaremesto.grkatke.sk\\\/?page_id=392\"]}]},{\"@type\":\"ImageObject\",\"inLanguage\":\"sk-SK\",\"@id\":\"https:\\\/\\\/kestaremesto.grkatke.sk\\\/?page_id=392#primaryimage\",\"url\":\"https:\\\/\\\/kestaremesto.grkatke.sk\\\/wp-content\\\/uploads\\\/2017\\\/01\\\/wedding-cana.jpg\",\"contentUrl\":\"https:\\\/\\\/kestaremesto.grkatke.sk\\\/wp-content\\\/uploads\\\/2017\\\/01\\\/wedding-cana.jpg\",\"width\":640,\"height\":505},{\"@type\":\"BreadcrumbList\",\"@id\":\"https:\\\/\\\/kestaremesto.grkatke.sk\\\/?page_id=392#breadcrumb\",\"itemListElement\":[{\"@type\":\"ListItem\",\"position\":1,\"name\":\"Domovsk\u00e1 str\u00e1nka\",\"item\":\"https:\\\/\\\/kestaremesto.grkatke.sk\\\/\"},{\"@type\":\"ListItem\",\"position\":2,\"name\":\"SVIATOS\u0164 MAN\u017dELSTVA\"}]},{\"@type\":\"WebSite\",\"@id\":\"https:\\\/\\\/kestaremesto.grkatke.sk\\\/#website\",\"url\":\"https:\\\/\\\/kestaremesto.grkatke.sk\\\/\",\"name\":\"GR\u00c9CKOKATOL\u00cdCKA CIRKEV FARNOS\u0164 KO\u0160ICE - STAR\u00c9 MESTO\",\"description\":\"\",\"potentialAction\":[{\"@type\":\"SearchAction\",\"target\":{\"@type\":\"EntryPoint\",\"urlTemplate\":\"https:\\\/\\\/kestaremesto.grkatke.sk\\\/?s={search_term_string}\"},\"query-input\":{\"@type\":\"PropertyValueSpecification\",\"valueRequired\":true,\"valueName\":\"search_term_string\"}}],\"inLanguage\":\"sk-SK\"}]}<\/script>\n<!-- \/ Yoast SEO plugin. -->","yoast_head_json":{"title":"SVIATOS\u0164 MAN\u017dELSTVA - GR\u00c9CKOKATOL\u00cdCKA CIRKEV FARNOS\u0164 KO\u0160ICE - STAR\u00c9 MESTO","robots":{"index":"index","follow":"follow","max-snippet":"max-snippet:-1","max-image-preview":"max-image-preview:large","max-video-preview":"max-video-preview:-1"},"canonical":"https:\/\/kestaremesto.grkatke.sk\/?page_id=392","og_locale":"sk_SK","og_type":"article","og_title":"SVIATOS\u0164 MAN\u017dELSTVA - GR\u00c9CKOKATOL\u00cdCKA CIRKEV FARNOS\u0164 KO\u0160ICE - STAR\u00c9 MESTO","og_description":"Mnoh\u00ed venuj\u00fa ve\u013ek\u00fa pozornos\u0165 pr\u00edprave na svoj svadobn\u00fd de\u0148.\u00a0Pozv\u00e1nky, \u0161aty, kvety, torty, s\u00e1la, jedl\u00e1, hudba&#8230; A ka\u017ed\u00fd chce, aby v\u0161etko bolo dokonal\u00e9,\u00a0aby tento de\u0148 patril len neveste a \u017een\u00edchovi. Ale zab\u00fada sa na tie \u010fal\u0161ie dni.\u00a0Ve\u010f man\u017eelstvo je viac ako svadobn\u00fd de\u0148. Je celo\u017eivotnou udalos\u0165ou, spolo\u010dn\u00fdm pre\u017e\u00edvan\u00edm ka\u017ed\u00e9ho d\u0148a &#8211; slne\u010dn\u00e9ho i zamra\u010den\u00e9ho. Sviatos\u0165 man\u017eelstva [&hellip;]","og_url":"https:\/\/kestaremesto.grkatke.sk\/?page_id=392","og_site_name":"GR\u00c9CKOKATOL\u00cdCKA CIRKEV FARNOS\u0164 KO\u0160ICE - STAR\u00c9 MESTO","article_publisher":"https:\/\/www.facebook.com\/Na%c5%a1a-Katedr%c3%a1la-231637610336060\/","article_modified_time":"2017-07-24T12:07:40+00:00","og_image":[{"url":"https:\/\/kestaremesto.grkatke.sk\/wp-content\/uploads\/2017\/01\/wedding-cana-300x237.jpg","type":"","width":"","height":""}],"twitter_card":"summary_large_image","twitter_misc":{"Predpokladan\u00fd \u010das \u010d\u00edtania":"3 min\u00faty"},"schema":{"@context":"https:\/\/schema.org","@graph":[{"@type":"WebPage","@id":"https:\/\/kestaremesto.grkatke.sk\/?page_id=392","url":"https:\/\/kestaremesto.grkatke.sk\/?page_id=392","name":"SVIATOS\u0164 MAN\u017dELSTVA - GR\u00c9CKOKATOL\u00cdCKA CIRKEV FARNOS\u0164 KO\u0160ICE - STAR\u00c9 MESTO","isPartOf":{"@id":"https:\/\/kestaremesto.grkatke.sk\/#website"},"primaryImageOfPage":{"@id":"https:\/\/kestaremesto.grkatke.sk\/?page_id=392#primaryimage"},"image":{"@id":"https:\/\/kestaremesto.grkatke.sk\/?page_id=392#primaryimage"},"thumbnailUrl":"https:\/\/kestaremesto.grkatke.sk\/wp-content\/uploads\/2017\/01\/wedding-cana-300x237.jpg","datePublished":"2017-01-19T10:30:38+00:00","dateModified":"2017-07-24T12:07:40+00:00","breadcrumb":{"@id":"https:\/\/kestaremesto.grkatke.sk\/?page_id=392#breadcrumb"},"inLanguage":"sk-SK","potentialAction":[{"@type":"ReadAction","target":["https:\/\/kestaremesto.grkatke.sk\/?page_id=392"]}]},{"@type":"ImageObject","inLanguage":"sk-SK","@id":"https:\/\/kestaremesto.grkatke.sk\/?page_id=392#primaryimage","url":"https:\/\/kestaremesto.grkatke.sk\/wp-content\/uploads\/2017\/01\/wedding-cana.jpg","contentUrl":"https:\/\/kestaremesto.grkatke.sk\/wp-content\/uploads\/2017\/01\/wedding-cana.jpg","width":640,"height":505},{"@type":"BreadcrumbList","@id":"https:\/\/kestaremesto.grkatke.sk\/?page_id=392#breadcrumb","itemListElement":[{"@type":"ListItem","position":1,"name":"Domovsk\u00e1 str\u00e1nka","item":"https:\/\/kestaremesto.grkatke.sk\/"},{"@type":"ListItem","position":2,"name":"SVIATOS\u0164 MAN\u017dELSTVA"}]},{"@type":"WebSite","@id":"https:\/\/kestaremesto.grkatke.sk\/#website","url":"https:\/\/kestaremesto.grkatke.sk\/","name":"GR\u00c9CKOKATOL\u00cdCKA CIRKEV FARNOS\u0164 KO\u0160ICE - STAR\u00c9 MESTO","description":"","potentialAction":[{"@type":"SearchAction","target":{"@type":"EntryPoint","urlTemplate":"https:\/\/kestaremesto.grkatke.sk\/?s={search_term_string}"},"query-input":{"@type":"PropertyValueSpecification","valueRequired":true,"valueName":"search_term_string"}}],"inLanguage":"sk-SK"}]}},"_links":{"self":[{"href":"https:\/\/kestaremesto.grkatke.sk\/index.php?rest_route=\/wp\/v2\/pages\/392","targetHints":{"allow":["GET"]}}],"collection":[{"href":"https:\/\/kestaremesto.grkatke.sk\/index.php?rest_route=\/wp\/v2\/pages"}],"about":[{"href":"https:\/\/kestaremesto.grkatke.sk\/index.php?rest_route=\/wp\/v2\/types\/page"}],"author":[{"embeddable":true,"href":"https:\/\/kestaremesto.grkatke.sk\/index.php?rest_route=\/wp\/v2\/users\/2"}],"replies":[{"embeddable":true,"href":"https:\/\/kestaremesto.grkatke.sk\/index.php?rest_route=%2Fwp%2Fv2%2Fcomments&post=392"}],"version-history":[{"count":6,"href":"https:\/\/kestaremesto.grkatke.sk\/index.php?rest_route=\/wp\/v2\/pages\/392\/revisions"}],"predecessor-version":[{"id":821,"href":"https:\/\/kestaremesto.grkatke.sk\/index.php?rest_route=\/wp\/v2\/pages\/392\/revisions\/821"}],"wp:attachment":[{"href":"https:\/\/kestaremesto.grkatke.sk\/index.php?rest_route=%2Fwp%2Fv2%2Fmedia&parent=392"}],"curies":[{"name":"wp","href":"https:\/\/api.w.org\/{rel}","templated":true}]}}