{"id":4900,"date":"2025-12-19T09:49:27","date_gmt":"2025-12-19T08:49:27","guid":{"rendered":"https:\/\/kestaremesto.grkatke.sk\/?page_id=4900"},"modified":"2026-04-26T21:37:14","modified_gmt":"2026-04-26T19:37:14","slug":"ukrajinska-misia-liturgicky-program","status":"publish","type":"page","link":"https:\/\/kestaremesto.grkatke.sk\/?page_id=4900","title":{"rendered":"Ukrajinsk\u00e1 misia &#8211; Liturgick\u00fd program"},"content":{"rendered":"\n<p class=\"has-text-align-center\" style=\"font-size:26px;font-style:normal;font-weight:600\">\u0420\u043e\u0437\u043f\u043e\u0440\u044f\u0434\u043e\u043a \u0431\u043e\u0433\u043e\u0441\u043b\u0443\u0436\u0456\u043d\u044c \u0443\u043a\u0440\u0430\u0457\u043d\u0441\u044c\u043a\u043e\u044e \u043c\u043e\u0432\u043e\u044e<\/p>\n\n\n\n<p class=\"has-text-align-center\" style=\"font-size:30px;font-style:normal;font-weight:600\">27.04.2026 \u2013 03.05.2026<\/p>\n\n\n\n<p><strong>03.05<\/strong> \u041d\u0435\u0434\u0456\u043b\u044f \u0441\u0430\u043c\u0430\u0440\u044f\u043d\u043a\u0438<br><strong>15.00 <\/strong>\u0421\u0432\u044f\u0442\u0430 \u041b\u0456\u0442\u0443\u0440\u0433\u0456\u044f<\/p>\n","protected":false},"excerpt":{"rendered":"<p>\u0420\u043e\u0437\u043f\u043e\u0440\u044f\u0434\u043e\u043a \u0431\u043e\u0433\u043e\u0441\u043b\u0443\u0436\u0456\u043d\u044c \u0443\u043a\u0440\u0430\u0457\u043d\u0441\u044c\u043a\u043e\u044e \u043c\u043e\u0432\u043e\u044e 27.04.2026 \u2013 03.05.2026 03.05 \u041d\u0435\u0434\u0456\u043b\u044f \u0441\u0430\u043c\u0430\u0440\u044f\u043d\u043a\u043815.00 \u0421\u0432\u044f\u0442\u0430 \u041b\u0456\u0442\u0443\u0440\u0433\u0456\u044f<\/p>\n","protected":false},"author":2,"featured_media":0,"parent":0,"menu_order":0,"comment_status":"closed","ping_status":"closed","template":"","meta":{"_coblocks_attr":"","_coblocks_dimensions":"","_coblocks_responsive_height":"","_coblocks_accordion_ie_support":"","footnotes":""},"class_list":["post-4900","page","type-page","status-publish","hentry"],"yoast_head":"<!-- This site is optimized with the Yoast SEO plugin v27.4 - https:\/\/yoast.com\/product\/yoast-seo-wordpress\/ -->\n<title>Ukrajinsk\u00e1 misia - Liturgick\u00fd program - GR\u00c9CKOKATOL\u00cdCKA CIRKEV FARNOS\u0164 KO\u0160ICE - STAR\u00c9 MESTO<\/title>\n<meta name=\"robots\" content=\"index, follow, max-snippet:-1, max-image-preview:large, max-video-preview:-1\" \/>\n<link rel=\"canonical\" href=\"https:\/\/kestaremesto.grkatke.sk\/?page_id=4900\" \/>\n<meta property=\"og:locale\" content=\"sk_SK\" \/>\n<meta property=\"og:type\" content=\"article\" \/>\n<meta property=\"og:title\" content=\"Ukrajinsk\u00e1 misia - Liturgick\u00fd program - GR\u00c9CKOKATOL\u00cdCKA CIRKEV FARNOS\u0164 KO\u0160ICE - STAR\u00c9 MESTO\" \/>\n<meta property=\"og:description\" content=\"\u0420\u043e\u0437\u043f\u043e\u0440\u044f\u0434\u043e\u043a \u0431\u043e\u0433\u043e\u0441\u043b\u0443\u0436\u0456\u043d\u044c \u0443\u043a\u0440\u0430\u0457\u043d\u0441\u044c\u043a\u043e\u044e \u043c\u043e\u0432\u043e\u044e 27.04.2026 \u2013 03.05.2026 03.05 \u041d\u0435\u0434\u0456\u043b\u044f \u0441\u0430\u043c\u0430\u0440\u044f\u043d\u043a\u043815.00 \u0421\u0432\u044f\u0442\u0430 \u041b\u0456\u0442\u0443\u0440\u0433\u0456\u044f\" \/>\n<meta property=\"og:url\" content=\"https:\/\/kestaremesto.grkatke.sk\/?page_id=4900\" \/>\n<meta property=\"og:site_name\" content=\"GR\u00c9CKOKATOL\u00cdCKA CIRKEV FARNOS\u0164 KO\u0160ICE - STAR\u00c9 MESTO\" \/>\n<meta property=\"article:publisher\" content=\"https:\/\/www.facebook.com\/Na%c5%a1a-Katedr%c3%a1la-231637610336060\/\" \/>\n<meta property=\"article:modified_time\" content=\"2026-04-26T19:37:14+00:00\" \/>\n<meta name=\"twitter:card\" content=\"summary_large_image\" \/>\n<meta name=\"twitter:label1\" content=\"Predpokladan\u00fd \u010das \u010d\u00edtania\" \/>\n\t<meta name=\"twitter:data1\" content=\"1 min\u00fata\" \/>\n<script type=\"application\/ld+json\" class=\"yoast-schema-graph\">{\"@context\":\"https:\\\/\\\/schema.org\",\"@graph\":[{\"@type\":\"WebPage\",\"@id\":\"https:\\\/\\\/kestaremesto.grkatke.sk\\\/?page_id=4900\",\"url\":\"https:\\\/\\\/kestaremesto.grkatke.sk\\\/?page_id=4900\",\"name\":\"Ukrajinsk\u00e1 misia - Liturgick\u00fd program - GR\u00c9CKOKATOL\u00cdCKA CIRKEV FARNOS\u0164 KO\u0160ICE - STAR\u00c9 MESTO\",\"isPartOf\":{\"@id\":\"https:\\\/\\\/kestaremesto.grkatke.sk\\\/#website\"},\"datePublished\":\"2025-12-19T08:49:27+00:00\",\"dateModified\":\"2026-04-26T19:37:14+00:00\",\"breadcrumb\":{\"@id\":\"https:\\\/\\\/kestaremesto.grkatke.sk\\\/?page_id=4900#breadcrumb\"},\"inLanguage\":\"sk-SK\",\"potentialAction\":[{\"@type\":\"ReadAction\",\"target\":[\"https:\\\/\\\/kestaremesto.grkatke.sk\\\/?page_id=4900\"]}]},{\"@type\":\"BreadcrumbList\",\"@id\":\"https:\\\/\\\/kestaremesto.grkatke.sk\\\/?page_id=4900#breadcrumb\",\"itemListElement\":[{\"@type\":\"ListItem\",\"position\":1,\"name\":\"Domovsk\u00e1 str\u00e1nka\",\"item\":\"https:\\\/\\\/kestaremesto.grkatke.sk\\\/\"},{\"@type\":\"ListItem\",\"position\":2,\"name\":\"Ukrajinsk\u00e1 misia &#8211; Liturgick\u00fd program\"}]},{\"@type\":\"WebSite\",\"@id\":\"https:\\\/\\\/kestaremesto.grkatke.sk\\\/#website\",\"url\":\"https:\\\/\\\/kestaremesto.grkatke.sk\\\/\",\"name\":\"GR\u00c9CKOKATOL\u00cdCKA CIRKEV FARNOS\u0164 KO\u0160ICE - STAR\u00c9 MESTO\",\"description\":\"\",\"potentialAction\":[{\"@type\":\"SearchAction\",\"target\":{\"@type\":\"EntryPoint\",\"urlTemplate\":\"https:\\\/\\\/kestaremesto.grkatke.sk\\\/?s={search_term_string}\"},\"query-input\":{\"@type\":\"PropertyValueSpecification\",\"valueRequired\":true,\"valueName\":\"search_term_string\"}}],\"inLanguage\":\"sk-SK\"}]}<\/script>\n<!-- \/ Yoast SEO plugin. -->","yoast_head_json":{"title":"Ukrajinsk\u00e1 misia - Liturgick\u00fd program - GR\u00c9CKOKATOL\u00cdCKA CIRKEV FARNOS\u0164 KO\u0160ICE - STAR\u00c9 MESTO","robots":{"index":"index","follow":"follow","max-snippet":"max-snippet:-1","max-image-preview":"max-image-preview:large","max-video-preview":"max-video-preview:-1"},"canonical":"https:\/\/kestaremesto.grkatke.sk\/?page_id=4900","og_locale":"sk_SK","og_type":"article","og_title":"Ukrajinsk\u00e1 misia - Liturgick\u00fd program - GR\u00c9CKOKATOL\u00cdCKA CIRKEV FARNOS\u0164 KO\u0160ICE - STAR\u00c9 MESTO","og_description":"\u0420\u043e\u0437\u043f\u043e\u0440\u044f\u0434\u043e\u043a \u0431\u043e\u0433\u043e\u0441\u043b\u0443\u0436\u0456\u043d\u044c \u0443\u043a\u0440\u0430\u0457\u043d\u0441\u044c\u043a\u043e\u044e \u043c\u043e\u0432\u043e\u044e 27.04.2026 \u2013 03.05.2026 03.05 \u041d\u0435\u0434\u0456\u043b\u044f \u0441\u0430\u043c\u0430\u0440\u044f\u043d\u043a\u043815.00 \u0421\u0432\u044f\u0442\u0430 \u041b\u0456\u0442\u0443\u0440\u0433\u0456\u044f","og_url":"https:\/\/kestaremesto.grkatke.sk\/?page_id=4900","og_site_name":"GR\u00c9CKOKATOL\u00cdCKA CIRKEV FARNOS\u0164 KO\u0160ICE - STAR\u00c9 MESTO","article_publisher":"https:\/\/www.facebook.com\/Na%c5%a1a-Katedr%c3%a1la-231637610336060\/","article_modified_time":"2026-04-26T19:37:14+00:00","twitter_card":"summary_large_image","twitter_misc":{"Predpokladan\u00fd \u010das \u010d\u00edtania":"1 min\u00fata"},"schema":{"@context":"https:\/\/schema.org","@graph":[{"@type":"WebPage","@id":"https:\/\/kestaremesto.grkatke.sk\/?page_id=4900","url":"https:\/\/kestaremesto.grkatke.sk\/?page_id=4900","name":"Ukrajinsk\u00e1 misia - Liturgick\u00fd program - GR\u00c9CKOKATOL\u00cdCKA CIRKEV FARNOS\u0164 KO\u0160ICE - STAR\u00c9 MESTO","isPartOf":{"@id":"https:\/\/kestaremesto.grkatke.sk\/#website"},"datePublished":"2025-12-19T08:49:27+00:00","dateModified":"2026-04-26T19:37:14+00:00","breadcrumb":{"@id":"https:\/\/kestaremesto.grkatke.sk\/?page_id=4900#breadcrumb"},"inLanguage":"sk-SK","potentialAction":[{"@type":"ReadAction","target":["https:\/\/kestaremesto.grkatke.sk\/?page_id=4900"]}]},{"@type":"BreadcrumbList","@id":"https:\/\/kestaremesto.grkatke.sk\/?page_id=4900#breadcrumb","itemListElement":[{"@type":"ListItem","position":1,"name":"Domovsk\u00e1 str\u00e1nka","item":"https:\/\/kestaremesto.grkatke.sk\/"},{"@type":"ListItem","position":2,"name":"Ukrajinsk\u00e1 misia &#8211; Liturgick\u00fd program"}]},{"@type":"WebSite","@id":"https:\/\/kestaremesto.grkatke.sk\/#website","url":"https:\/\/kestaremesto.grkatke.sk\/","name":"GR\u00c9CKOKATOL\u00cdCKA CIRKEV FARNOS\u0164 KO\u0160ICE - STAR\u00c9 MESTO","description":"","potentialAction":[{"@type":"SearchAction","target":{"@type":"EntryPoint","urlTemplate":"https:\/\/kestaremesto.grkatke.sk\/?s={search_term_string}"},"query-input":{"@type":"PropertyValueSpecification","valueRequired":true,"valueName":"search_term_string"}}],"inLanguage":"sk-SK"}]}},"_links":{"self":[{"href":"https:\/\/kestaremesto.grkatke.sk\/index.php?rest_route=\/wp\/v2\/pages\/4900","targetHints":{"allow":["GET"]}}],"collection":[{"href":"https:\/\/kestaremesto.grkatke.sk\/index.php?rest_route=\/wp\/v2\/pages"}],"about":[{"href":"https:\/\/kestaremesto.grkatke.sk\/index.php?rest_route=\/wp\/v2\/types\/page"}],"author":[{"embeddable":true,"href":"https:\/\/kestaremesto.grkatke.sk\/index.php?rest_route=\/wp\/v2\/users\/2"}],"replies":[{"embeddable":true,"href":"https:\/\/kestaremesto.grkatke.sk\/index.php?rest_route=%2Fwp%2Fv2%2Fcomments&post=4900"}],"version-history":[{"count":5,"href":"https:\/\/kestaremesto.grkatke.sk\/index.php?rest_route=\/wp\/v2\/pages\/4900\/revisions"}],"predecessor-version":[{"id":5085,"href":"https:\/\/kestaremesto.grkatke.sk\/index.php?rest_route=\/wp\/v2\/pages\/4900\/revisions\/5085"}],"wp:attachment":[{"href":"https:\/\/kestaremesto.grkatke.sk\/index.php?rest_route=%2Fwp%2Fv2%2Fmedia&parent=4900"}],"curies":[{"name":"wp","href":"https:\/\/api.w.org\/{rel}","templated":true}]}}