{"id":5058,"date":"2026-04-10T13:57:51","date_gmt":"2026-04-10T11:57:51","guid":{"rendered":"https:\/\/kestaremesto.grkatke.sk\/?page_id=5058"},"modified":"2026-04-10T14:05:54","modified_gmt":"2026-04-10T12:05:54","slug":"ukrajinska-misia-duchovna-sluzba","status":"publish","type":"page","link":"https:\/\/kestaremesto.grkatke.sk\/?page_id=5058","title":{"rendered":"Ukrajinsk\u00e1 misia &#8211; Pastora\u010dn\u00e1 \u010dinnos\u0165"},"content":{"rendered":"\n<p class=\"has-text-align-center has-medium-font-size\"><strong>\u0414\u0443\u0445\u043e\u0432\u043d\u0430 \u043f\u0456\u0434\u0442\u0440\u0438\u043c\u043a\u0430 \u0434\u043b\u044f \u043f\u0435\u0440\u0435\u0441\u0435\u043b\u0435\u043d\u0446\u0456\u0432 \u0443 \u043c\u0435\u0436\u0430\u0445 \u041a\u043e\u0448\u0438\u0446\u044c\u043a\u043e\u0457 \u0454\u043f\u0430\u0440\u0445\u0456\u0457<\/strong><\/p>\n\n\n\n<ol class=\"wp-block-list\">\n<li>\u0420\u0435\u0433\u0443\u043b\u044f\u0440\u043d\u0456 \u0431\u043e\u0433\u043e\u0441\u043b\u0443\u0436\u0456\u043d\u043d\u044f \u0449\u043e\u043d\u0435\u0434\u0456\u043b\u0456 \u0432 15.00 \u0433\u043e\u0434.<\/li>\n\n\n\n<li>\u0420\u0435\u0433\u0443\u043b\u044f\u0440\u043d\u0456 \u0431\u043e\u0433\u043e\u0441\u043b\u0443\u0436\u0456\u043d\u043d\u044f \u0443 \u043a\u043e\u0436\u043d\u0435 \u0441\u0432\u044f\u0442\u043e \u0432 15.00 \u0433\u043e\u0434.<\/li>\n\n\n\n<li>\u0421\u043b\u0443\u0436\u0456\u043d\u043d\u044f \u0421\u0432\u044f\u0442\u0438\u043c\u0438 \u0422\u0430\u0457\u043d\u0441\u0442\u0432\u0430\u043c\u0438<\/li>\n\n\n\n<li>\u0420\u0435\u0433\u0443\u043b\u044f\u0440\u043d\u0456 \u0437\u0443\u0441\u0442\u0440\u0456\u0447\u0456 \u0437 \u043c\u043e\u043b\u043e\u0434\u0434\u044e \u0449\u043e\u0442\u0438\u0436\u043d\u044f (\u0443 \u0447\u0435\u0442\u0432\u0435\u0440)<\/li>\n\n\n\n<li>\u0420\u0435\u0433\u0443\u043b\u044f\u0440\u043d\u0456 \u0437\u0443\u0441\u0442\u0440\u0456\u0447\u0456 \u0432\u0456\u0440\u043d\u0438\u0445 \u043f\u0456\u0441\u043b\u044f \u043d\u0435\u0434\u0456\u043b\u044c\u043d\u043e\u0457 \u041b\u0456\u0442\u0443\u0440\u0433\u0456\u0457 (\u0449\u043e\u0442\u0438\u0436\u043d\u044f)<\/li>\n\n\n\n<li>\u041a\u0430\u0442\u0435\u0445\u0438\u0442\u0438\u0447\u043d\u0430 \u0448\u043a\u043e\u043b\u0430 \u0434\u043b\u044f \u0434\u0456\u0442\u0435\u0439 &#8222;\u041f\u0435\u0440\u0448\u043e\u043f\u0440\u0438\u0447\u0430\u0441\u043d\u0438\u043a\u0456\u0432&#8220; \u0449\u043e\u043d\u0435\u0434\u0456\u043b\u0456 \u043f\u0456\u0441\u043b\u044f \u0421\u0432\u044f\u0442\u043e\u0457 \u041b\u0456\u0442\u0443\u0440\u0433\u0456\u0457<\/li>\n\n\n\n<li>\u041b\u0456\u0442\u043d\u0456\u0439 \u0442\u0430\u0431\u0456\u0440 \u0434\u043b\u044f \u0434\u0456\u0442\u0435\u0439 \u0442\u0430 \u043c\u043e\u043b\u043e\u0434\u0456 (\u0449\u043e\u0440\u043e\u043a\u0443)<\/li>\n\n\n\n<li>\u0417\u0430\u0433\u0430\u043b\u044c\u043d\u043e\u0441\u043b\u043e\u0432\u0430\u0446\u044c\u043a\u0430 \u043f\u0440\u043e\u0449\u0430 \u0443 \u0432\u0456\u0434\u043f\u0443\u0441\u0442\u043e\u0432\u043e\u043c\u0443 \u043c\u0456\u0441\u0446\u0456 \u041b\u044e\u0442\u0438\u043d\u0430 (\u0449\u043e\u0440\u043e\u043a\u0443)<\/li>\n\n\n\n<li>\u0420\u0435\u043a\u043e\u043b\u0435\u043a\u0446\u0456\u0457 \u0434\u043b\u044f \u043f\u043e\u0434\u0440\u0443\u0436\u043d\u0456\u0445 \u043f\u0430\u0440<\/li>\n<\/ol>\n","protected":false},"excerpt":{"rendered":"<p>\u0414\u0443\u0445\u043e\u0432\u043d\u0430 \u043f\u0456\u0434\u0442\u0440\u0438\u043c\u043a\u0430 \u0434\u043b\u044f \u043f\u0435\u0440\u0435\u0441\u0435\u043b\u0435\u043d\u0446\u0456\u0432 \u0443 \u043c\u0435\u0436\u0430\u0445 \u041a\u043e\u0448\u0438\u0446\u044c\u043a\u043e\u0457 \u0454\u043f\u0430\u0440\u0445\u0456\u0457<\/p>\n","protected":false},"author":2,"featured_media":0,"parent":0,"menu_order":0,"comment_status":"closed","ping_status":"closed","template":"","meta":{"_coblocks_attr":"","_coblocks_dimensions":"","_coblocks_responsive_height":"","_coblocks_accordion_ie_support":"","footnotes":""},"class_list":["post-5058","page","type-page","status-publish","hentry"],"yoast_head":"<!-- This site is optimized with the Yoast SEO plugin v27.4 - https:\/\/yoast.com\/product\/yoast-seo-wordpress\/ -->\n<title>Ukrajinsk\u00e1 misia - Pastora\u010dn\u00e1 \u010dinnos\u0165 - GR\u00c9CKOKATOL\u00cdCKA CIRKEV FARNOS\u0164 KO\u0160ICE - STAR\u00c9 MESTO<\/title>\n<meta name=\"robots\" content=\"index, follow, max-snippet:-1, max-image-preview:large, max-video-preview:-1\" \/>\n<link rel=\"canonical\" href=\"https:\/\/kestaremesto.grkatke.sk\/?page_id=5058\" \/>\n<meta property=\"og:locale\" content=\"sk_SK\" \/>\n<meta property=\"og:type\" content=\"article\" \/>\n<meta property=\"og:title\" content=\"Ukrajinsk\u00e1 misia - Pastora\u010dn\u00e1 \u010dinnos\u0165 - GR\u00c9CKOKATOL\u00cdCKA CIRKEV FARNOS\u0164 KO\u0160ICE - STAR\u00c9 MESTO\" \/>\n<meta property=\"og:description\" content=\"\u0414\u0443\u0445\u043e\u0432\u043d\u0430 \u043f\u0456\u0434\u0442\u0440\u0438\u043c\u043a\u0430 \u0434\u043b\u044f \u043f\u0435\u0440\u0435\u0441\u0435\u043b\u0435\u043d\u0446\u0456\u0432 \u0443 \u043c\u0435\u0436\u0430\u0445 \u041a\u043e\u0448\u0438\u0446\u044c\u043a\u043e\u0457 \u0454\u043f\u0430\u0440\u0445\u0456\u0457\" \/>\n<meta property=\"og:url\" content=\"https:\/\/kestaremesto.grkatke.sk\/?page_id=5058\" \/>\n<meta property=\"og:site_name\" content=\"GR\u00c9CKOKATOL\u00cdCKA CIRKEV FARNOS\u0164 KO\u0160ICE - STAR\u00c9 MESTO\" \/>\n<meta property=\"article:publisher\" content=\"https:\/\/www.facebook.com\/Na%c5%a1a-Katedr%c3%a1la-231637610336060\/\" \/>\n<meta property=\"article:modified_time\" content=\"2026-04-10T12:05:54+00:00\" \/>\n<meta name=\"twitter:card\" content=\"summary_large_image\" \/>\n<meta name=\"twitter:label1\" content=\"Predpokladan\u00fd \u010das \u010d\u00edtania\" \/>\n\t<meta name=\"twitter:data1\" content=\"1 min\u00fata\" \/>\n<script type=\"application\/ld+json\" class=\"yoast-schema-graph\">{\"@context\":\"https:\\\/\\\/schema.org\",\"@graph\":[{\"@type\":\"WebPage\",\"@id\":\"https:\\\/\\\/kestaremesto.grkatke.sk\\\/?page_id=5058\",\"url\":\"https:\\\/\\\/kestaremesto.grkatke.sk\\\/?page_id=5058\",\"name\":\"Ukrajinsk\u00e1 misia - Pastora\u010dn\u00e1 \u010dinnos\u0165 - GR\u00c9CKOKATOL\u00cdCKA CIRKEV FARNOS\u0164 KO\u0160ICE - STAR\u00c9 MESTO\",\"isPartOf\":{\"@id\":\"https:\\\/\\\/kestaremesto.grkatke.sk\\\/#website\"},\"datePublished\":\"2026-04-10T11:57:51+00:00\",\"dateModified\":\"2026-04-10T12:05:54+00:00\",\"breadcrumb\":{\"@id\":\"https:\\\/\\\/kestaremesto.grkatke.sk\\\/?page_id=5058#breadcrumb\"},\"inLanguage\":\"sk-SK\",\"potentialAction\":[{\"@type\":\"ReadAction\",\"target\":[\"https:\\\/\\\/kestaremesto.grkatke.sk\\\/?page_id=5058\"]}]},{\"@type\":\"BreadcrumbList\",\"@id\":\"https:\\\/\\\/kestaremesto.grkatke.sk\\\/?page_id=5058#breadcrumb\",\"itemListElement\":[{\"@type\":\"ListItem\",\"position\":1,\"name\":\"Domovsk\u00e1 str\u00e1nka\",\"item\":\"https:\\\/\\\/kestaremesto.grkatke.sk\\\/\"},{\"@type\":\"ListItem\",\"position\":2,\"name\":\"Ukrajinsk\u00e1 misia &#8211; Pastora\u010dn\u00e1 \u010dinnos\u0165\"}]},{\"@type\":\"WebSite\",\"@id\":\"https:\\\/\\\/kestaremesto.grkatke.sk\\\/#website\",\"url\":\"https:\\\/\\\/kestaremesto.grkatke.sk\\\/\",\"name\":\"GR\u00c9CKOKATOL\u00cdCKA CIRKEV FARNOS\u0164 KO\u0160ICE - STAR\u00c9 MESTO\",\"description\":\"\",\"potentialAction\":[{\"@type\":\"SearchAction\",\"target\":{\"@type\":\"EntryPoint\",\"urlTemplate\":\"https:\\\/\\\/kestaremesto.grkatke.sk\\\/?s={search_term_string}\"},\"query-input\":{\"@type\":\"PropertyValueSpecification\",\"valueRequired\":true,\"valueName\":\"search_term_string\"}}],\"inLanguage\":\"sk-SK\"}]}<\/script>\n<!-- \/ Yoast SEO plugin. -->","yoast_head_json":{"title":"Ukrajinsk\u00e1 misia - Pastora\u010dn\u00e1 \u010dinnos\u0165 - GR\u00c9CKOKATOL\u00cdCKA CIRKEV FARNOS\u0164 KO\u0160ICE - STAR\u00c9 MESTO","robots":{"index":"index","follow":"follow","max-snippet":"max-snippet:-1","max-image-preview":"max-image-preview:large","max-video-preview":"max-video-preview:-1"},"canonical":"https:\/\/kestaremesto.grkatke.sk\/?page_id=5058","og_locale":"sk_SK","og_type":"article","og_title":"Ukrajinsk\u00e1 misia - Pastora\u010dn\u00e1 \u010dinnos\u0165 - GR\u00c9CKOKATOL\u00cdCKA CIRKEV FARNOS\u0164 KO\u0160ICE - STAR\u00c9 MESTO","og_description":"\u0414\u0443\u0445\u043e\u0432\u043d\u0430 \u043f\u0456\u0434\u0442\u0440\u0438\u043c\u043a\u0430 \u0434\u043b\u044f \u043f\u0435\u0440\u0435\u0441\u0435\u043b\u0435\u043d\u0446\u0456\u0432 \u0443 \u043c\u0435\u0436\u0430\u0445 \u041a\u043e\u0448\u0438\u0446\u044c\u043a\u043e\u0457 \u0454\u043f\u0430\u0440\u0445\u0456\u0457","og_url":"https:\/\/kestaremesto.grkatke.sk\/?page_id=5058","og_site_name":"GR\u00c9CKOKATOL\u00cdCKA CIRKEV FARNOS\u0164 KO\u0160ICE - STAR\u00c9 MESTO","article_publisher":"https:\/\/www.facebook.com\/Na%c5%a1a-Katedr%c3%a1la-231637610336060\/","article_modified_time":"2026-04-10T12:05:54+00:00","twitter_card":"summary_large_image","twitter_misc":{"Predpokladan\u00fd \u010das \u010d\u00edtania":"1 min\u00fata"},"schema":{"@context":"https:\/\/schema.org","@graph":[{"@type":"WebPage","@id":"https:\/\/kestaremesto.grkatke.sk\/?page_id=5058","url":"https:\/\/kestaremesto.grkatke.sk\/?page_id=5058","name":"Ukrajinsk\u00e1 misia - Pastora\u010dn\u00e1 \u010dinnos\u0165 - GR\u00c9CKOKATOL\u00cdCKA CIRKEV FARNOS\u0164 KO\u0160ICE - STAR\u00c9 MESTO","isPartOf":{"@id":"https:\/\/kestaremesto.grkatke.sk\/#website"},"datePublished":"2026-04-10T11:57:51+00:00","dateModified":"2026-04-10T12:05:54+00:00","breadcrumb":{"@id":"https:\/\/kestaremesto.grkatke.sk\/?page_id=5058#breadcrumb"},"inLanguage":"sk-SK","potentialAction":[{"@type":"ReadAction","target":["https:\/\/kestaremesto.grkatke.sk\/?page_id=5058"]}]},{"@type":"BreadcrumbList","@id":"https:\/\/kestaremesto.grkatke.sk\/?page_id=5058#breadcrumb","itemListElement":[{"@type":"ListItem","position":1,"name":"Domovsk\u00e1 str\u00e1nka","item":"https:\/\/kestaremesto.grkatke.sk\/"},{"@type":"ListItem","position":2,"name":"Ukrajinsk\u00e1 misia &#8211; Pastora\u010dn\u00e1 \u010dinnos\u0165"}]},{"@type":"WebSite","@id":"https:\/\/kestaremesto.grkatke.sk\/#website","url":"https:\/\/kestaremesto.grkatke.sk\/","name":"GR\u00c9CKOKATOL\u00cdCKA CIRKEV FARNOS\u0164 KO\u0160ICE - STAR\u00c9 MESTO","description":"","potentialAction":[{"@type":"SearchAction","target":{"@type":"EntryPoint","urlTemplate":"https:\/\/kestaremesto.grkatke.sk\/?s={search_term_string}"},"query-input":{"@type":"PropertyValueSpecification","valueRequired":true,"valueName":"search_term_string"}}],"inLanguage":"sk-SK"}]}},"_links":{"self":[{"href":"https:\/\/kestaremesto.grkatke.sk\/index.php?rest_route=\/wp\/v2\/pages\/5058","targetHints":{"allow":["GET"]}}],"collection":[{"href":"https:\/\/kestaremesto.grkatke.sk\/index.php?rest_route=\/wp\/v2\/pages"}],"about":[{"href":"https:\/\/kestaremesto.grkatke.sk\/index.php?rest_route=\/wp\/v2\/types\/page"}],"author":[{"embeddable":true,"href":"https:\/\/kestaremesto.grkatke.sk\/index.php?rest_route=\/wp\/v2\/users\/2"}],"replies":[{"embeddable":true,"href":"https:\/\/kestaremesto.grkatke.sk\/index.php?rest_route=%2Fwp%2Fv2%2Fcomments&post=5058"}],"version-history":[{"count":6,"href":"https:\/\/kestaremesto.grkatke.sk\/index.php?rest_route=\/wp\/v2\/pages\/5058\/revisions"}],"predecessor-version":[{"id":5066,"href":"https:\/\/kestaremesto.grkatke.sk\/index.php?rest_route=\/wp\/v2\/pages\/5058\/revisions\/5066"}],"wp:attachment":[{"href":"https:\/\/kestaremesto.grkatke.sk\/index.php?rest_route=%2Fwp%2Fv2%2Fmedia&parent=5058"}],"curies":[{"name":"wp","href":"https:\/\/api.w.org\/{rel}","templated":true}]}}