{"id":538,"date":"2017-02-17T11:34:36","date_gmt":"2017-02-17T10:34:36","guid":{"rendered":"https:\/\/kestaremesto.grkatke.sk\/?page_id=538"},"modified":"2017-07-24T14:05:07","modified_gmt":"2017-07-24T12:05:07","slug":"sviatost-knazstva","status":"publish","type":"page","link":"https:\/\/kestaremesto.grkatke.sk\/?page_id=538","title":{"rendered":"SVIATOS\u0164 K\u0147AZSTVA"},"content":{"rendered":"<p style=\"text-align: justify;\">\u00a0\u00a0Slu\u017eobn\u00e9 k\u0148azstvo ustanovil Je\u017ei\u0161 Kristus pri Poslednej ve\u010deri, ke\u010f premenil chlieb a\u00a0v\u00edno slovami:\u00a0<em>Toto je moje telo&#8230; toto je moja krv&#8230; toto robte na moju pamiatku!<\/em>\u00a0<img loading=\"lazy\" decoding=\"async\" class=\"size-medium wp-image-818 alignright\" src=\"https:\/\/kestaremesto.grkatke.sk\/wp-content\/uploads\/2017\/02\/DSC09699-169x300.jpg\" alt=\"\" width=\"169\" height=\"300\" srcset=\"https:\/\/kestaremesto.grkatke.sk\/wp-content\/uploads\/2017\/02\/DSC09699-169x300.jpg 169w, https:\/\/kestaremesto.grkatke.sk\/wp-content\/uploads\/2017\/02\/DSC09699-768x1367.jpg 768w, https:\/\/kestaremesto.grkatke.sk\/wp-content\/uploads\/2017\/02\/DSC09699-575x1024.jpg 575w, https:\/\/kestaremesto.grkatke.sk\/wp-content\/uploads\/2017\/02\/DSC09699-300x534.jpg 300w, https:\/\/kestaremesto.grkatke.sk\/wp-content\/uploads\/2017\/02\/DSC09699.jpg 1080w\" sizes=\"auto, (max-width: 169px) 100vw, 169px\" \/>Je\u017ei\u0161 Kristus prikazuje apo\u0161tolom robi\u0165 to ist\u00e9, \u010do robil on: premie\u0148a\u0165 chlieb a\u00a0v\u00edno na Telo a\u00a0Krv Je\u017ei\u0161a Krista, \u010do patr\u00ed aj k\u00a0samotnej podstate k\u0148azskej moci. Cel\u00fa svoju n\u00e1uku, ktor\u00fa prijal od Otca a\u00a0\u010das\u0165 svojej bo\u017eskej moci odovzdal Je\u017ei\u0161 Kristus svoj\u00edm apo\u0161tolom na \u010dele s\u00a0Petrom. Dal im poverenie hl\u00e1sa\u0165 t\u00fato n\u00e1uku a\u00a0vysluhova\u0165 sviatosti a\u017e do konca sveta a\u00a0po celom svete. Apo\u0161toli to neboli schopn\u00ed robi\u0165 sami a\u00a0preto ustanovili biskupov, ktor\u00fdm odovzdali plnos\u0165 k\u0148azskej moci, ale ja pln\u00fa \u00fa\u010das\u0165 na Kristovom trojakom poslan\u00ed. Aby biskupi mohli plni\u0165 tieto slu\u017eby, potrebuj\u00fa pomocn\u00edkov, ktor\u00fdm v\u00a0r\u00f4znej miere odovzd\u00e1vaj\u00fa \u00fa\u010das\u0165 na Kristovom i\u00a0svojom k\u0148azstve a\u00a0tak ich usp\u00f4sobuj\u00fa na pr\u00edslu\u0161n\u00e9 slu\u017eby. Tak\u00fdmito pomocn\u00edkmi biskupov s\u00fa k\u0148azi a\u00a0diakoni.<\/p>\n<p style=\"text-align: justify;\"><img loading=\"lazy\" decoding=\"async\" class=\"size-medium wp-image-816 alignleft\" src=\"https:\/\/kestaremesto.grkatke.sk\/wp-content\/uploads\/2017\/02\/DSC00237-300x169.jpg\" alt=\"\" width=\"300\" height=\"169\" srcset=\"https:\/\/kestaremesto.grkatke.sk\/wp-content\/uploads\/2017\/02\/DSC00237-300x169.jpg 300w, https:\/\/kestaremesto.grkatke.sk\/wp-content\/uploads\/2017\/02\/DSC00237-768x432.jpg 768w, https:\/\/kestaremesto.grkatke.sk\/wp-content\/uploads\/2017\/02\/DSC00237-1024x576.jpg 1024w, https:\/\/kestaremesto.grkatke.sk\/wp-content\/uploads\/2017\/02\/DSC00237-730x410.jpg 730w, https:\/\/kestaremesto.grkatke.sk\/wp-content\/uploads\/2017\/02\/DSC00237.jpg 1080w\" sizes=\"auto, (max-width: 300px) 100vw, 300px\" \/>Cirkevn\u00e1 hierarchia m\u00e1 teda bo\u017esk\u00e9 ustanovenie. Iba v\u010faka hierarchii mo\u017eno splni\u0165 odkaz sv. apo\u0161tola Pavla: \u201e<em>Ale v\u0161etko nech sa deje slu\u0161ne a\u00a0v\u00a0poriadku<\/em>!\u201c (1 Kor 14,40). S\u00e1m Je\u017ei\u0161 Kristus si vybral 12 apo\u0161tolov, aby boli spr\u00e1vcami a\u00a0\u010dinite\u013emi Bo\u017e\u00edch tajomstiev. A\u00a0samotn\u00ed apo\u0161toli, ktor\u00fdch \u010dinnos\u0165 bola riaden\u00e1 Sv\u00e4t\u00fdm Duchom a\u00a0\u017eiv\u00fdm pr\u00edkladom ich U\u010dite\u013ea, tie\u017e vyvolili na slu\u017ebu v\u00a0Cirkvi ur\u010dit\u00e9 osoby a\u00a0tak\u00fdmto sp\u00f4sobom ustanovili tento poriadok nepretr\u017eit\u00e9ho k\u0148azstva, ktor\u00fd sa zachov\u00e1va v\u00a0Cirkvi do dne\u0161n\u00fdch dn\u00ed.<\/p>\n<p style=\"text-align: justify;\">Biskupsk\u00fd stupe\u0148 je prv\u00fdm a\u00a0najvy\u0161\u0161\u00edm stup\u0148om cirkevnej hierarchie. Tento stupe\u0148 d\u00e1va osobe posv\u00e4tenej za biskupa plnos\u0165 apo\u0161tolskej moci. Obsahuje teda nielen k\u0148azsk\u00fa moc, ale aj mo\u017enos\u0165 odovzda\u0165 ju inej osobe. Pri biskupskom sv\u00e4ten\u00ed maj\u00fa by\u0165 traja biskupi ako spolusv\u00e4titelia.\u00a0\u00dalohou a\u00a0povinnos\u0165ou biskupa je chr\u00e1ni\u0165 \u010distotu evanjelia, stara\u0165 sa o\u00a0jeho \u0161\u00edrenie a\u00a0hl\u00e1sanie medzi \u013eudom. Tie\u017e od najstar\u0161\u00edch \u010dias bolo ukladan\u00e9 biskupsk\u00e9mu stavu za povinnos\u0165 pr\u00e1vo sl\u00fa\u017eenia, vedenia, u\u010dite\u013estva a\u00a0ustanovovania kandid\u00e1tov na jednotliv\u00e9 k\u0148azsk\u00e9 stupne.<\/p>\n<p style=\"text-align: justify;\">K\u0148azstvo je sviatos\u0165, v\u00a0ktorej cirkvou vybran\u00ed kandid\u00e1ti po splnen\u00ed v\u0161etk\u00fdch predp\u00edsan\u00fdch\u00a0<img loading=\"lazy\" decoding=\"async\" class=\"size-medium wp-image-817 alignright\" src=\"https:\/\/kestaremesto.grkatke.sk\/wp-content\/uploads\/2017\/02\/DSC00291-300x169.jpg\" alt=\"\" width=\"300\" height=\"169\" srcset=\"https:\/\/kestaremesto.grkatke.sk\/wp-content\/uploads\/2017\/02\/DSC00291-300x169.jpg 300w, https:\/\/kestaremesto.grkatke.sk\/wp-content\/uploads\/2017\/02\/DSC00291-768x433.jpg 768w, https:\/\/kestaremesto.grkatke.sk\/wp-content\/uploads\/2017\/02\/DSC00291-1024x577.jpg 1024w, https:\/\/kestaremesto.grkatke.sk\/wp-content\/uploads\/2017\/02\/DSC00291-730x410.jpg 730w, https:\/\/kestaremesto.grkatke.sk\/wp-content\/uploads\/2017\/02\/DSC00291.jpg 1080w\" sizes=\"auto, (max-width: 300px) 100vw, 300px\" \/>podmienok dost\u00e1vaj\u00fa vkladan\u00edm r\u00fak biskupa\u00a0sv\u00e4tenie, duchovn\u00fa moc a\u00a0potrebn\u00e9 milosti plni\u0165 svoje k\u0148azsk\u00e9 povinnosti.\u00a0K\u0148az pri vkladan\u00ed r\u00fak biskupa z\u00edskava pln\u00fa k\u0148azsk\u00fa moc a\u00a0medzi jeho duchovn\u00e9 povinnosti patr\u00ed:\u00a0ude\u013eova\u0165 sviatosti veriacim, vysluhuje \u0161es\u0165 sviatost\u00ed (okrem sviatosti k\u0148azstva),\u00a0hl\u00e1sa\u0165 Bo\u017eie slovo a\u00a0vies\u0165 veriacich k\u00a0bohumil\u00e9mu \u017eivotu na zemi a\u00a0k\u00a0sp\u00e1se vo ve\u010dnosti. Vo vz\u0165ahu k\u00a0biskupsk\u00e9mu stup\u0148u je tento stupe\u0148 podriaden\u00fd, lebo bez v\u00f4le biskupa k\u0148az nemohol prij\u00edma\u0165 a\u00a0vykon\u00e1va\u0165 ni\u010d podstatne d\u00f4le\u017eit\u00e9 v\u00a0cirkevnej \u010dinnosti. Vo vz\u0165ahu k\u00a0bohoslu\u017ebe mal k\u0148az pr\u00e1va na \u00farovni biskupa, okrem pr\u00e1va vysv\u00e4covania k\u0148azov (chirotonie), ktor\u00e9 bolo ponechan\u00e9 v\u00fdlu\u010dne biskupovi.<\/p>\n<p>&nbsp;<\/p>\n<p style=\"text-align: justify;\">Diakon\u00e1t je prv\u00fdm stup\u0148om z\u00a0vy\u0161\u0161\u00edch sv\u00e4ten\u00ed, kedy sa diakon z\u00fa\u010dast\u0148uje na verejnom a\u00a0s\u00fakromnom bohosl\u00fa\u017een\u00ed, posluhuje pri sviatostiach, ale ani jednu nevysluhuje. Diakon\u00e1t bol v\u0161ak ustanoven\u00fd nie na k\u0148azstvo, ale na slu\u017ebu biskupom a presbyterom. Diakoni sa toti\u017e pokladali za ich ruky a o\u010di. Pod\u013ea vyjadrenia Ign\u00e1ca Antiochijsk\u00e9ho, diakoni v\u00a0s\u00falade biskupmi a presbytermi jasne u\u010dia veriaci \u013eud \u201cP\u00e1nove pr\u00edkazy\u201d.\u00a0Vyst\u00fapenie diakonov ako osobitej kateg\u00f3rie vy\u0161\u0161\u00edch sv\u00e4ten\u00ed v\u00a0Cirkvi je zaznamenan\u00e9 v\u00a0Skutkoch apo\u0161tolov, kde sa opisuje vo\u013eba a\u00a0ustanovenie siedmich mu\u017eov na slu\u017ebu starostlivosti o\u00a0stolovanie, obsluhovanie pri stoloch. O\u00a0t\u00fdchto mu\u017eoch sa hovor\u00ed ako o\u00a0mu\u017eoch \u201epln\u00fdch Ducha a\u00a0m\u00fadrosti\u201c (porov. Sk 6,3). Obsluhovanie pri stoloch a\u00a0pom\u00e1hanie po\u010das tzv. agap\u00e9 bolo sp\u00e1jan\u00e9 v\u00a0apo\u0161tolskej dobe so sl\u00e1ven\u00edm Eucharistie, lebo po liturgii sa spotrebov\u00e1vali ostatky eucharistick\u00fdch pr\u00ednosov. Povinnos\u0165ou diakonov bolo vybera\u0165, \u010di odde\u013eova\u0165 z\u00a0prinesen\u00fdch darov chlieb a\u00a0v\u00edno ako mat\u00e9riu pre Eucharistiu.\u00a0Liturgickou slu\u017ebou diakona je predn\u00e1\u0161anie ekt\u00e9ni\u00ed, \u010d\u00edtanie evanjelia a\u00a0ostatn\u00e9 usmer\u0148uj\u00face texty po\u010das sv\u00e4tej liturgie, nevyhraden\u00e9 k\u0148azovi. Znakom diakonskej hodnosti je or\u00e1r.\u00a0innos\u0165 diakonov bola najviac badate\u013en\u00e1 pri vykon\u00e1van\u00ed sv\u00e4tej bo\u017eskej liturgie. V\u00a0prv\u00fdch \u010dasoch kres\u0165anstva diakoni oboznamovali cirkevn\u00fa obec o\u00a0\u010dase a\u00a0mieste bohoslu\u017eieb a\u00a0po\u010das samotn\u00fdch obradov dohliadali na poriadok v \u010dase ich trvania: ukazovali veriacim ich miesta a\u00a0dohliadali, aby bol k\u013eud a\u00a0ticho. Ukazovali tie\u017e veriacim, kedy s\u00fa povinn\u00ed st\u00e1\u0165, sedie\u0165 alebo skl\u00e1\u0148a\u0165 sa na kolen\u00e1. Diakoni tie\u017e posluhovali biskupovi a\u00a0k\u0148azovi v\u00a0olt\u00e1rnej \u010dasti chr\u00e1mu, kde pripravovali bohoslu\u017eobn\u00e9 predmety a\u00a0oble\u010denie pre sl\u00fa\u017eiacich.<\/p>\n<p>&nbsp;<\/p>\n","protected":false},"excerpt":{"rendered":"<p>\u00a0\u00a0Slu\u017eobn\u00e9 k\u0148azstvo ustanovil Je\u017ei\u0161 Kristus pri Poslednej ve\u010deri, ke\u010f premenil chlieb a\u00a0v\u00edno slovami:\u00a0Toto je moje telo&#8230; toto je moja krv&#8230; toto robte na moju pamiatku!\u00a0Je\u017ei\u0161 Kristus prikazuje apo\u0161tolom robi\u0165 to ist\u00e9, \u010do robil on: premie\u0148a\u0165 chlieb a\u00a0v\u00edno na Telo a\u00a0Krv Je\u017ei\u0161a Krista, \u010do patr\u00ed aj k\u00a0samotnej podstate k\u0148azskej moci. Cel\u00fa svoju n\u00e1uku, ktor\u00fa prijal od [&hellip;]<\/p>\n","protected":false},"author":2,"featured_media":0,"parent":0,"menu_order":0,"comment_status":"closed","ping_status":"closed","template":"","meta":{"_coblocks_attr":"","_coblocks_dimensions":"","_coblocks_responsive_height":"","_coblocks_accordion_ie_support":"","footnotes":""},"class_list":["post-538","page","type-page","status-publish","hentry"],"yoast_head":"<!-- This site is optimized with the Yoast SEO plugin v27.4 - https:\/\/yoast.com\/product\/yoast-seo-wordpress\/ -->\n<title>SVIATOS\u0164 K\u0147AZSTVA - GR\u00c9CKOKATOL\u00cdCKA CIRKEV FARNOS\u0164 KO\u0160ICE - STAR\u00c9 MESTO<\/title>\n<meta name=\"robots\" content=\"index, follow, max-snippet:-1, max-image-preview:large, max-video-preview:-1\" \/>\n<link rel=\"canonical\" href=\"https:\/\/kestaremesto.grkatke.sk\/?page_id=538\" \/>\n<meta property=\"og:locale\" content=\"sk_SK\" \/>\n<meta property=\"og:type\" content=\"article\" \/>\n<meta property=\"og:title\" content=\"SVIATOS\u0164 K\u0147AZSTVA - GR\u00c9CKOKATOL\u00cdCKA CIRKEV FARNOS\u0164 KO\u0160ICE - STAR\u00c9 MESTO\" \/>\n<meta property=\"og:description\" content=\"\u00a0\u00a0Slu\u017eobn\u00e9 k\u0148azstvo ustanovil Je\u017ei\u0161 Kristus pri Poslednej ve\u010deri, ke\u010f premenil chlieb a\u00a0v\u00edno slovami:\u00a0Toto je moje telo&#8230; toto je moja krv&#8230; toto robte na moju pamiatku!\u00a0Je\u017ei\u0161 Kristus prikazuje apo\u0161tolom robi\u0165 to ist\u00e9, \u010do robil on: premie\u0148a\u0165 chlieb a\u00a0v\u00edno na Telo a\u00a0Krv Je\u017ei\u0161a Krista, \u010do patr\u00ed aj k\u00a0samotnej podstate k\u0148azskej moci. Cel\u00fa svoju n\u00e1uku, ktor\u00fa prijal od [&hellip;]\" \/>\n<meta property=\"og:url\" content=\"https:\/\/kestaremesto.grkatke.sk\/?page_id=538\" \/>\n<meta property=\"og:site_name\" content=\"GR\u00c9CKOKATOL\u00cdCKA CIRKEV FARNOS\u0164 KO\u0160ICE - STAR\u00c9 MESTO\" \/>\n<meta property=\"article:publisher\" content=\"https:\/\/www.facebook.com\/Na%c5%a1a-Katedr%c3%a1la-231637610336060\/\" \/>\n<meta property=\"article:modified_time\" content=\"2017-07-24T12:05:07+00:00\" \/>\n<meta property=\"og:image\" content=\"https:\/\/kestaremesto.grkatke.sk\/wp-content\/uploads\/2017\/02\/DSC09699-169x300.jpg\" \/>\n<meta name=\"twitter:card\" content=\"summary_large_image\" \/>\n<meta name=\"twitter:label1\" content=\"Predpokladan\u00fd \u010das \u010d\u00edtania\" \/>\n\t<meta name=\"twitter:data1\" content=\"4 min\u00faty\" \/>\n<script type=\"application\/ld+json\" class=\"yoast-schema-graph\">{\"@context\":\"https:\\\/\\\/schema.org\",\"@graph\":[{\"@type\":\"WebPage\",\"@id\":\"https:\\\/\\\/kestaremesto.grkatke.sk\\\/?page_id=538\",\"url\":\"https:\\\/\\\/kestaremesto.grkatke.sk\\\/?page_id=538\",\"name\":\"SVIATOS\u0164 K\u0147AZSTVA - GR\u00c9CKOKATOL\u00cdCKA CIRKEV FARNOS\u0164 KO\u0160ICE - STAR\u00c9 MESTO\",\"isPartOf\":{\"@id\":\"https:\\\/\\\/kestaremesto.grkatke.sk\\\/#website\"},\"primaryImageOfPage\":{\"@id\":\"https:\\\/\\\/kestaremesto.grkatke.sk\\\/?page_id=538#primaryimage\"},\"image\":{\"@id\":\"https:\\\/\\\/kestaremesto.grkatke.sk\\\/?page_id=538#primaryimage\"},\"thumbnailUrl\":\"https:\\\/\\\/kestaremesto.grkatke.sk\\\/wp-content\\\/uploads\\\/2017\\\/02\\\/DSC09699-169x300.jpg\",\"datePublished\":\"2017-02-17T10:34:36+00:00\",\"dateModified\":\"2017-07-24T12:05:07+00:00\",\"breadcrumb\":{\"@id\":\"https:\\\/\\\/kestaremesto.grkatke.sk\\\/?page_id=538#breadcrumb\"},\"inLanguage\":\"sk-SK\",\"potentialAction\":[{\"@type\":\"ReadAction\",\"target\":[\"https:\\\/\\\/kestaremesto.grkatke.sk\\\/?page_id=538\"]}]},{\"@type\":\"ImageObject\",\"inLanguage\":\"sk-SK\",\"@id\":\"https:\\\/\\\/kestaremesto.grkatke.sk\\\/?page_id=538#primaryimage\",\"url\":\"https:\\\/\\\/kestaremesto.grkatke.sk\\\/wp-content\\\/uploads\\\/2017\\\/02\\\/DSC09699.jpg\",\"contentUrl\":\"https:\\\/\\\/kestaremesto.grkatke.sk\\\/wp-content\\\/uploads\\\/2017\\\/02\\\/DSC09699.jpg\",\"width\":1080,\"height\":1922},{\"@type\":\"BreadcrumbList\",\"@id\":\"https:\\\/\\\/kestaremesto.grkatke.sk\\\/?page_id=538#breadcrumb\",\"itemListElement\":[{\"@type\":\"ListItem\",\"position\":1,\"name\":\"Domovsk\u00e1 str\u00e1nka\",\"item\":\"https:\\\/\\\/kestaremesto.grkatke.sk\\\/\"},{\"@type\":\"ListItem\",\"position\":2,\"name\":\"SVIATOS\u0164 K\u0147AZSTVA\"}]},{\"@type\":\"WebSite\",\"@id\":\"https:\\\/\\\/kestaremesto.grkatke.sk\\\/#website\",\"url\":\"https:\\\/\\\/kestaremesto.grkatke.sk\\\/\",\"name\":\"GR\u00c9CKOKATOL\u00cdCKA CIRKEV FARNOS\u0164 KO\u0160ICE - STAR\u00c9 MESTO\",\"description\":\"\",\"potentialAction\":[{\"@type\":\"SearchAction\",\"target\":{\"@type\":\"EntryPoint\",\"urlTemplate\":\"https:\\\/\\\/kestaremesto.grkatke.sk\\\/?s={search_term_string}\"},\"query-input\":{\"@type\":\"PropertyValueSpecification\",\"valueRequired\":true,\"valueName\":\"search_term_string\"}}],\"inLanguage\":\"sk-SK\"}]}<\/script>\n<!-- \/ Yoast SEO plugin. -->","yoast_head_json":{"title":"SVIATOS\u0164 K\u0147AZSTVA - GR\u00c9CKOKATOL\u00cdCKA CIRKEV FARNOS\u0164 KO\u0160ICE - STAR\u00c9 MESTO","robots":{"index":"index","follow":"follow","max-snippet":"max-snippet:-1","max-image-preview":"max-image-preview:large","max-video-preview":"max-video-preview:-1"},"canonical":"https:\/\/kestaremesto.grkatke.sk\/?page_id=538","og_locale":"sk_SK","og_type":"article","og_title":"SVIATOS\u0164 K\u0147AZSTVA - GR\u00c9CKOKATOL\u00cdCKA CIRKEV FARNOS\u0164 KO\u0160ICE - STAR\u00c9 MESTO","og_description":"\u00a0\u00a0Slu\u017eobn\u00e9 k\u0148azstvo ustanovil Je\u017ei\u0161 Kristus pri Poslednej ve\u010deri, ke\u010f premenil chlieb a\u00a0v\u00edno slovami:\u00a0Toto je moje telo&#8230; toto je moja krv&#8230; toto robte na moju pamiatku!\u00a0Je\u017ei\u0161 Kristus prikazuje apo\u0161tolom robi\u0165 to ist\u00e9, \u010do robil on: premie\u0148a\u0165 chlieb a\u00a0v\u00edno na Telo a\u00a0Krv Je\u017ei\u0161a Krista, \u010do patr\u00ed aj k\u00a0samotnej podstate k\u0148azskej moci. Cel\u00fa svoju n\u00e1uku, ktor\u00fa prijal od [&hellip;]","og_url":"https:\/\/kestaremesto.grkatke.sk\/?page_id=538","og_site_name":"GR\u00c9CKOKATOL\u00cdCKA CIRKEV FARNOS\u0164 KO\u0160ICE - STAR\u00c9 MESTO","article_publisher":"https:\/\/www.facebook.com\/Na%c5%a1a-Katedr%c3%a1la-231637610336060\/","article_modified_time":"2017-07-24T12:05:07+00:00","og_image":[{"url":"https:\/\/kestaremesto.grkatke.sk\/wp-content\/uploads\/2017\/02\/DSC09699-169x300.jpg","type":"","width":"","height":""}],"twitter_card":"summary_large_image","twitter_misc":{"Predpokladan\u00fd \u010das \u010d\u00edtania":"4 min\u00faty"},"schema":{"@context":"https:\/\/schema.org","@graph":[{"@type":"WebPage","@id":"https:\/\/kestaremesto.grkatke.sk\/?page_id=538","url":"https:\/\/kestaremesto.grkatke.sk\/?page_id=538","name":"SVIATOS\u0164 K\u0147AZSTVA - GR\u00c9CKOKATOL\u00cdCKA CIRKEV FARNOS\u0164 KO\u0160ICE - STAR\u00c9 MESTO","isPartOf":{"@id":"https:\/\/kestaremesto.grkatke.sk\/#website"},"primaryImageOfPage":{"@id":"https:\/\/kestaremesto.grkatke.sk\/?page_id=538#primaryimage"},"image":{"@id":"https:\/\/kestaremesto.grkatke.sk\/?page_id=538#primaryimage"},"thumbnailUrl":"https:\/\/kestaremesto.grkatke.sk\/wp-content\/uploads\/2017\/02\/DSC09699-169x300.jpg","datePublished":"2017-02-17T10:34:36+00:00","dateModified":"2017-07-24T12:05:07+00:00","breadcrumb":{"@id":"https:\/\/kestaremesto.grkatke.sk\/?page_id=538#breadcrumb"},"inLanguage":"sk-SK","potentialAction":[{"@type":"ReadAction","target":["https:\/\/kestaremesto.grkatke.sk\/?page_id=538"]}]},{"@type":"ImageObject","inLanguage":"sk-SK","@id":"https:\/\/kestaremesto.grkatke.sk\/?page_id=538#primaryimage","url":"https:\/\/kestaremesto.grkatke.sk\/wp-content\/uploads\/2017\/02\/DSC09699.jpg","contentUrl":"https:\/\/kestaremesto.grkatke.sk\/wp-content\/uploads\/2017\/02\/DSC09699.jpg","width":1080,"height":1922},{"@type":"BreadcrumbList","@id":"https:\/\/kestaremesto.grkatke.sk\/?page_id=538#breadcrumb","itemListElement":[{"@type":"ListItem","position":1,"name":"Domovsk\u00e1 str\u00e1nka","item":"https:\/\/kestaremesto.grkatke.sk\/"},{"@type":"ListItem","position":2,"name":"SVIATOS\u0164 K\u0147AZSTVA"}]},{"@type":"WebSite","@id":"https:\/\/kestaremesto.grkatke.sk\/#website","url":"https:\/\/kestaremesto.grkatke.sk\/","name":"GR\u00c9CKOKATOL\u00cdCKA CIRKEV FARNOS\u0164 KO\u0160ICE - STAR\u00c9 MESTO","description":"","potentialAction":[{"@type":"SearchAction","target":{"@type":"EntryPoint","urlTemplate":"https:\/\/kestaremesto.grkatke.sk\/?s={search_term_string}"},"query-input":{"@type":"PropertyValueSpecification","valueRequired":true,"valueName":"search_term_string"}}],"inLanguage":"sk-SK"}]}},"_links":{"self":[{"href":"https:\/\/kestaremesto.grkatke.sk\/index.php?rest_route=\/wp\/v2\/pages\/538","targetHints":{"allow":["GET"]}}],"collection":[{"href":"https:\/\/kestaremesto.grkatke.sk\/index.php?rest_route=\/wp\/v2\/pages"}],"about":[{"href":"https:\/\/kestaremesto.grkatke.sk\/index.php?rest_route=\/wp\/v2\/types\/page"}],"author":[{"embeddable":true,"href":"https:\/\/kestaremesto.grkatke.sk\/index.php?rest_route=\/wp\/v2\/users\/2"}],"replies":[{"embeddable":true,"href":"https:\/\/kestaremesto.grkatke.sk\/index.php?rest_route=%2Fwp%2Fv2%2Fcomments&post=538"}],"version-history":[{"count":5,"href":"https:\/\/kestaremesto.grkatke.sk\/index.php?rest_route=\/wp\/v2\/pages\/538\/revisions"}],"predecessor-version":[{"id":820,"href":"https:\/\/kestaremesto.grkatke.sk\/index.php?rest_route=\/wp\/v2\/pages\/538\/revisions\/820"}],"wp:attachment":[{"href":"https:\/\/kestaremesto.grkatke.sk\/index.php?rest_route=%2Fwp%2Fv2%2Fmedia&parent=538"}],"curies":[{"name":"wp","href":"https:\/\/api.w.org\/{rel}","templated":true}]}}