{"id":600,"date":"2017-03-10T11:53:39","date_gmt":"2017-03-10T10:53:39","guid":{"rendered":"https:\/\/kestaremesto.grkatke.sk\/?page_id=600"},"modified":"2017-04-25T07:07:41","modified_gmt":"2017-04-25T05:07:41","slug":"sviatost-eucharistie","status":"publish","type":"page","link":"https:\/\/kestaremesto.grkatke.sk\/?page_id=600","title":{"rendered":"SVIATOS\u0164 EUCHARISTIE"},"content":{"rendered":"<p style=\"text-align: justify;\">Sviatos\u0165 Eucharistie ustanovil Je\u017ei\u0161 Kristus pri svojej poslednej <img loading=\"lazy\" decoding=\"async\" class=\" wp-image-707 alignright\" src=\"https:\/\/kestaremesto.grkatke.sk\/wp-content\/uploads\/2017\/03\/cl000135_18-200x300.jpg\" alt=\"\" width=\"286\" height=\"429\" srcset=\"https:\/\/kestaremesto.grkatke.sk\/wp-content\/uploads\/2017\/03\/cl000135_18-200x300.jpg 200w, https:\/\/kestaremesto.grkatke.sk\/wp-content\/uploads\/2017\/03\/cl000135_18-300x449.jpg 300w, https:\/\/kestaremesto.grkatke.sk\/wp-content\/uploads\/2017\/03\/cl000135_18.jpg 580w\" sizes=\"auto, (max-width: 286px) 100vw, 286px\" \/>ve\u010deri ako pokrm a n\u00e1poj pre du\u0161u \u010dloveka. Prij\u00edmanie sviatosti Eucharistie je po\u017e\u00edvanie skuto\u010dn\u00e9ho Tela a Krvi Je\u017ei\u0161a Krista spolu s jeho du\u0161ou a s jeho bo\u017estvom. Eucharistia je teda prepodstatnenie chleba a v\u00edna na skuto\u010dn\u00e9 Kristovo telo a jeho krv.\u00a0Jej hlavn\u00fdm poslan\u00edm je udr\u017eiava\u0165 a rozv\u00edja\u0165 Bo\u017e\u00ed \u017eivot, ktor\u00fd dostal pri krste, ako aj ude\u013euje nasledovn\u00e9 dobrodenia:<br \/>\n&#8211; zjednocuje s Kristom a Jeho\u00a0telom &#8211; Cirkou;<br \/>\n&#8211; zni\u017euje n\u00e1klonnos\u0165 k zl\u00e9mu;<br \/>\n&#8211; odp\u00fa\u0161\u0165a v\u0161edn\u00e9 hriechy;<br \/>\n&#8211; je semenom vzkriesenia k sl\u00e1ve;<br \/>\n&#8211; d\u00e1va duchovn\u00fa \u00fatechu a rados\u0165;<br \/>\n&#8211; posil\u0148uj v l\u00e1ske k bl\u00ed\u017enym.<\/p>\n<p style=\"text-align: justify;\">O svojom tele a jeho \u00fa\u010dinkoch Kristus jasne povedal: <em>\u201eVeru, veru, hovor\u00edm v\u00e1m: ak nebudete jes\u0165 telo Syna \u010dloveka a pi\u0165 jeho krv, nebudete ma\u0165 v sebe \u017eivot.\u201c<\/em> (Jn 6,53)<\/p>\n<p style=\"text-align: justify;\">K sv\u00e4t\u00e9mu prij\u00edmaniu m\u00f4\u017ee prist\u00fapi\u0165 iba ten, kto m\u00e1 \u010dist\u00e9 srdce \u2013 bez \u0165a\u017e\u00adk\u00e9ho hriechu, zachoval eucharistick\u00fd p\u00f4st (aspo\u0148 1 hodinu ni\u010d nejes\u0165 ani nepi\u0165 okrem vody, lieky neru\u0161ia p\u00f4st) a m\u00e1 dobr\u00fd \u00famysel \u2013 pristupuje s vierou a z l\u00e1sky. Ak si je niekto vedom\u00fd, \u017ee sp\u00e1chal \u0165a\u017ek\u00fd hriech (vedom\u00e9 a dobrovo\u013en\u00e9 prest\u00fapenie Bo\u017eieho prik\u00e1zania vo v\u00e1\u017enej veci), mus\u00ed sa najprv zmieri\u0165 s Bohom skrze <a href=\"https:\/\/kestaremesto.grkatke.sk\/sviatost-zmierenia\/\">Sviatos\u0165 zmierenia<\/a>.\u00a0V pr\u00edpade, \u017ee \u010dlovek si \u0165a\u017ek\u00e9ho hriechu vedom\u00fd nie je, m\u00f4\u017ee pravidelne pristupova\u0165 \u00a0k sv\u00e4t\u00e9mu prij\u00edmaniu aj po\u010das nieko\u013ek\u00fdch mesiacov.<\/p>\n<p style=\"text-align: justify;\"><img loading=\"lazy\" decoding=\"async\" class=\" wp-image-706 alignleft\" src=\"https:\/\/kestaremesto.grkatke.sk\/wp-content\/uploads\/2017\/03\/cl000135_20-300x200.jpg\" alt=\"\" width=\"365\" height=\"243\" srcset=\"https:\/\/kestaremesto.grkatke.sk\/wp-content\/uploads\/2017\/03\/cl000135_20-300x200.jpg 300w, https:\/\/kestaremesto.grkatke.sk\/wp-content\/uploads\/2017\/03\/cl000135_20.jpg 580w\" sizes=\"auto, (max-width: 365px) 100vw, 365px\" \/>Na sv\u00e4t\u00e9 prij\u00edmanie Cirkev odpor\u00fa\u010da chodi\u0165 pravidelne, aspo\u0148 ka\u017ed\u00fa ne\u00adde\u013eu. \u010clovek m\u00f4\u017ee prija\u0165 sv. Eucharistiu maxim\u00e1lne dva razy. Druh\u00fd raz v\u0161ak iba ak sa z\u00fa\u010dastnil na celej sv\u00e4tej liturgii. Druh\u00e9 sv\u00e4t\u00e9 prij\u00edmanie v ten ist\u00fd de\u0148 v\u0161ak nie je pre v\u00e4\u010d\u0161iu n\u00e1bo\u017enos\u0165, ale pre utv\u00e1ranie jednoty so spolo\u010denstvom veriacich.<\/p>\n<p style=\"text-align: justify;\">Eucharistia sa vo v\u00fdchodnom obrade pod\u00e1va pod oboma sp\u00f4sobmi &#8211; teda Telo i Krv Je\u017ei\u0161a Krista a to pomocou malej ly\u017ei\u010dky na to ur\u010denej. Z toho d\u00f4vodu sa neodpor\u00fa\u010da vyplazova\u0165 jazyk, ale iba d\u00f4stojne otvori\u0165 \u00fasta, mierne zakloni\u0165 hlavu a po\u010dka\u0165, k\u00fdm k\u0148az Eucharistiu vlo\u017e\u00ed ly\u017ei\u010dkou do \u00fast a n\u00e1sledne ly\u017ei\u010dku vytiahne. Nie je vhodn\u00e9\u00a0ly\u017ei\u010dku olizova\u0165.<\/p>\n<p style=\"text-align: justify;\"><strong>PRV\u00c9 SV\u00c4T\u00c9 PRIJ\u00cdMANIE DET\u00cd<\/strong><\/p>\n<p style=\"text-align: justify;\">V na\u0161ej farnosti k prij\u00edmaniu Eucharistie spravidla za\u010d\u00ednaj\u00fa \u00a0pristupova\u0165\u00a0deti od 3. ro\u010dn\u00edka z\u00e1kladnej \u0161koly. Mo\u017enos\u0165 prihl\u00e1si\u0165 sa na pr\u00edpravu na t\u00fato sviatos\u0165 maj\u00fa iba deti, ktor\u00e9\u00a0nav\u0161tevuj\u00fa n\u00e1bo\u017eensk\u00fa v\u00fdchovu aspo\u0148 2 roky. Sl\u00e1vnos\u0165 sa zvy\u010dajne kon\u00e1 v m\u00e1ji. Prihlasovanie det\u00ed ku sviatostiv v na\u0161ej farnosti prebieha v septembri zv\u00e4\u010d\u0161a v sakrestii katedr\u00e1lneho chr\u00e1mu.<\/p>\n<p style=\"text-align: justify;\"><strong>PRV\u00c9 SV\u00c4T\u00c9 PRIJ\u00cdMANIE DOSPEL\u00ddCH<\/strong><\/p>\n<p style=\"text-align: justify;\">Aj dospel\u00fd \u010dlovek, ktor\u00fd v\u0161ak e\u0161te nikdy neprijal sviatos\u0165 Eucharistie by mal podst\u00fapi\u0165 n\u00e1le\u017eit\u00fa pr\u00edpravu na tak v\u00fdznamn\u00fa sviatos\u0165. Z toho d\u00f4vodu je potrebn\u00e9 ohl\u00e1si\u0165 sa <a href=\"https:\/\/kestaremesto.grkatke.sk\/kontakt\/\">na farskom \u00farade<\/a>.<\/p>\n<p style=\"text-align: justify;\"><strong>SV\u00c4T\u00c9 PRIJ\u00cdMANIE V NEMOCNICI<\/strong><\/p>\n<p style=\"text-align: justify;\">Chor\u00fdch, ktor\u00ed maj\u00fa z\u00e1ujem o prij\u00edmanie Eucharistie v nemocnici, pros\u00edme, aby o svojej po\u017eiadavke informovali zdravotn\u00edcky person\u00e1l, ktor\u00fd upovedom\u00ed duchovn\u00e9ho spr\u00e1vcu miestnych nemocn\u00edc.<\/p>\n","protected":false},"excerpt":{"rendered":"<p>Sviatos\u0165 Eucharistie ustanovil Je\u017ei\u0161 Kristus pri svojej poslednej ve\u010deri ako pokrm a n\u00e1poj pre du\u0161u \u010dloveka. Prij\u00edmanie sviatosti Eucharistie je po\u017e\u00edvanie skuto\u010dn\u00e9ho Tela a Krvi Je\u017ei\u0161a Krista spolu s jeho du\u0161ou a s jeho bo\u017estvom. Eucharistia je teda prepodstatnenie chleba a v\u00edna na skuto\u010dn\u00e9 Kristovo telo a jeho krv.\u00a0Jej hlavn\u00fdm poslan\u00edm je udr\u017eiava\u0165 a rozv\u00edja\u0165 [&hellip;]<\/p>\n","protected":false},"author":2,"featured_media":0,"parent":0,"menu_order":0,"comment_status":"closed","ping_status":"closed","template":"","meta":{"_coblocks_attr":"","_coblocks_dimensions":"","_coblocks_responsive_height":"","_coblocks_accordion_ie_support":"","footnotes":""},"class_list":["post-600","page","type-page","status-publish","hentry"],"yoast_head":"<!-- This site is optimized with the Yoast SEO plugin v27.4 - https:\/\/yoast.com\/product\/yoast-seo-wordpress\/ -->\n<title>SVIATOS\u0164 EUCHARISTIE - GR\u00c9CKOKATOL\u00cdCKA CIRKEV FARNOS\u0164 KO\u0160ICE - STAR\u00c9 MESTO<\/title>\n<meta name=\"robots\" content=\"index, follow, max-snippet:-1, max-image-preview:large, max-video-preview:-1\" \/>\n<link rel=\"canonical\" href=\"https:\/\/kestaremesto.grkatke.sk\/?page_id=600\" \/>\n<meta property=\"og:locale\" content=\"sk_SK\" \/>\n<meta property=\"og:type\" content=\"article\" \/>\n<meta property=\"og:title\" content=\"SVIATOS\u0164 EUCHARISTIE - GR\u00c9CKOKATOL\u00cdCKA CIRKEV FARNOS\u0164 KO\u0160ICE - STAR\u00c9 MESTO\" \/>\n<meta property=\"og:description\" content=\"Sviatos\u0165 Eucharistie ustanovil Je\u017ei\u0161 Kristus pri svojej poslednej ve\u010deri ako pokrm a n\u00e1poj pre du\u0161u \u010dloveka. Prij\u00edmanie sviatosti Eucharistie je po\u017e\u00edvanie skuto\u010dn\u00e9ho Tela a Krvi Je\u017ei\u0161a Krista spolu s jeho du\u0161ou a s jeho bo\u017estvom. Eucharistia je teda prepodstatnenie chleba a v\u00edna na skuto\u010dn\u00e9 Kristovo telo a jeho krv.\u00a0Jej hlavn\u00fdm poslan\u00edm je udr\u017eiava\u0165 a rozv\u00edja\u0165 [&hellip;]\" \/>\n<meta property=\"og:url\" content=\"https:\/\/kestaremesto.grkatke.sk\/?page_id=600\" \/>\n<meta property=\"og:site_name\" content=\"GR\u00c9CKOKATOL\u00cdCKA CIRKEV FARNOS\u0164 KO\u0160ICE - STAR\u00c9 MESTO\" \/>\n<meta property=\"article:publisher\" content=\"https:\/\/www.facebook.com\/Na%c5%a1a-Katedr%c3%a1la-231637610336060\/\" \/>\n<meta property=\"article:modified_time\" content=\"2017-04-25T05:07:41+00:00\" \/>\n<meta property=\"og:image\" content=\"https:\/\/kestaremesto.grkatke.sk\/wp-content\/uploads\/2017\/03\/cl000135_18-200x300.jpg\" \/>\n<meta name=\"twitter:card\" content=\"summary_large_image\" \/>\n<meta name=\"twitter:label1\" content=\"Predpokladan\u00fd \u010das \u010d\u00edtania\" \/>\n\t<meta name=\"twitter:data1\" content=\"3 min\u00faty\" \/>\n<script type=\"application\/ld+json\" class=\"yoast-schema-graph\">{\"@context\":\"https:\\\/\\\/schema.org\",\"@graph\":[{\"@type\":\"WebPage\",\"@id\":\"https:\\\/\\\/kestaremesto.grkatke.sk\\\/?page_id=600\",\"url\":\"https:\\\/\\\/kestaremesto.grkatke.sk\\\/?page_id=600\",\"name\":\"SVIATOS\u0164 EUCHARISTIE - GR\u00c9CKOKATOL\u00cdCKA CIRKEV FARNOS\u0164 KO\u0160ICE - STAR\u00c9 MESTO\",\"isPartOf\":{\"@id\":\"https:\\\/\\\/kestaremesto.grkatke.sk\\\/#website\"},\"primaryImageOfPage\":{\"@id\":\"https:\\\/\\\/kestaremesto.grkatke.sk\\\/?page_id=600#primaryimage\"},\"image\":{\"@id\":\"https:\\\/\\\/kestaremesto.grkatke.sk\\\/?page_id=600#primaryimage\"},\"thumbnailUrl\":\"https:\\\/\\\/kestaremesto.grkatke.sk\\\/wp-content\\\/uploads\\\/2017\\\/03\\\/cl000135_18-200x300.jpg\",\"datePublished\":\"2017-03-10T10:53:39+00:00\",\"dateModified\":\"2017-04-25T05:07:41+00:00\",\"breadcrumb\":{\"@id\":\"https:\\\/\\\/kestaremesto.grkatke.sk\\\/?page_id=600#breadcrumb\"},\"inLanguage\":\"sk-SK\",\"potentialAction\":[{\"@type\":\"ReadAction\",\"target\":[\"https:\\\/\\\/kestaremesto.grkatke.sk\\\/?page_id=600\"]}]},{\"@type\":\"ImageObject\",\"inLanguage\":\"sk-SK\",\"@id\":\"https:\\\/\\\/kestaremesto.grkatke.sk\\\/?page_id=600#primaryimage\",\"url\":\"https:\\\/\\\/kestaremesto.grkatke.sk\\\/wp-content\\\/uploads\\\/2017\\\/03\\\/cl000135_18.jpg\",\"contentUrl\":\"https:\\\/\\\/kestaremesto.grkatke.sk\\\/wp-content\\\/uploads\\\/2017\\\/03\\\/cl000135_18.jpg\",\"width\":580,\"height\":869},{\"@type\":\"BreadcrumbList\",\"@id\":\"https:\\\/\\\/kestaremesto.grkatke.sk\\\/?page_id=600#breadcrumb\",\"itemListElement\":[{\"@type\":\"ListItem\",\"position\":1,\"name\":\"Domovsk\u00e1 str\u00e1nka\",\"item\":\"https:\\\/\\\/kestaremesto.grkatke.sk\\\/\"},{\"@type\":\"ListItem\",\"position\":2,\"name\":\"SVIATOS\u0164 EUCHARISTIE\"}]},{\"@type\":\"WebSite\",\"@id\":\"https:\\\/\\\/kestaremesto.grkatke.sk\\\/#website\",\"url\":\"https:\\\/\\\/kestaremesto.grkatke.sk\\\/\",\"name\":\"GR\u00c9CKOKATOL\u00cdCKA CIRKEV FARNOS\u0164 KO\u0160ICE - STAR\u00c9 MESTO\",\"description\":\"\",\"potentialAction\":[{\"@type\":\"SearchAction\",\"target\":{\"@type\":\"EntryPoint\",\"urlTemplate\":\"https:\\\/\\\/kestaremesto.grkatke.sk\\\/?s={search_term_string}\"},\"query-input\":{\"@type\":\"PropertyValueSpecification\",\"valueRequired\":true,\"valueName\":\"search_term_string\"}}],\"inLanguage\":\"sk-SK\"}]}<\/script>\n<!-- \/ Yoast SEO plugin. -->","yoast_head_json":{"title":"SVIATOS\u0164 EUCHARISTIE - GR\u00c9CKOKATOL\u00cdCKA CIRKEV FARNOS\u0164 KO\u0160ICE - STAR\u00c9 MESTO","robots":{"index":"index","follow":"follow","max-snippet":"max-snippet:-1","max-image-preview":"max-image-preview:large","max-video-preview":"max-video-preview:-1"},"canonical":"https:\/\/kestaremesto.grkatke.sk\/?page_id=600","og_locale":"sk_SK","og_type":"article","og_title":"SVIATOS\u0164 EUCHARISTIE - GR\u00c9CKOKATOL\u00cdCKA CIRKEV FARNOS\u0164 KO\u0160ICE - STAR\u00c9 MESTO","og_description":"Sviatos\u0165 Eucharistie ustanovil Je\u017ei\u0161 Kristus pri svojej poslednej ve\u010deri ako pokrm a n\u00e1poj pre du\u0161u \u010dloveka. Prij\u00edmanie sviatosti Eucharistie je po\u017e\u00edvanie skuto\u010dn\u00e9ho Tela a Krvi Je\u017ei\u0161a Krista spolu s jeho du\u0161ou a s jeho bo\u017estvom. Eucharistia je teda prepodstatnenie chleba a v\u00edna na skuto\u010dn\u00e9 Kristovo telo a jeho krv.\u00a0Jej hlavn\u00fdm poslan\u00edm je udr\u017eiava\u0165 a rozv\u00edja\u0165 [&hellip;]","og_url":"https:\/\/kestaremesto.grkatke.sk\/?page_id=600","og_site_name":"GR\u00c9CKOKATOL\u00cdCKA CIRKEV FARNOS\u0164 KO\u0160ICE - STAR\u00c9 MESTO","article_publisher":"https:\/\/www.facebook.com\/Na%c5%a1a-Katedr%c3%a1la-231637610336060\/","article_modified_time":"2017-04-25T05:07:41+00:00","og_image":[{"url":"https:\/\/kestaremesto.grkatke.sk\/wp-content\/uploads\/2017\/03\/cl000135_18-200x300.jpg","type":"","width":"","height":""}],"twitter_card":"summary_large_image","twitter_misc":{"Predpokladan\u00fd \u010das \u010d\u00edtania":"3 min\u00faty"},"schema":{"@context":"https:\/\/schema.org","@graph":[{"@type":"WebPage","@id":"https:\/\/kestaremesto.grkatke.sk\/?page_id=600","url":"https:\/\/kestaremesto.grkatke.sk\/?page_id=600","name":"SVIATOS\u0164 EUCHARISTIE - GR\u00c9CKOKATOL\u00cdCKA CIRKEV FARNOS\u0164 KO\u0160ICE - STAR\u00c9 MESTO","isPartOf":{"@id":"https:\/\/kestaremesto.grkatke.sk\/#website"},"primaryImageOfPage":{"@id":"https:\/\/kestaremesto.grkatke.sk\/?page_id=600#primaryimage"},"image":{"@id":"https:\/\/kestaremesto.grkatke.sk\/?page_id=600#primaryimage"},"thumbnailUrl":"https:\/\/kestaremesto.grkatke.sk\/wp-content\/uploads\/2017\/03\/cl000135_18-200x300.jpg","datePublished":"2017-03-10T10:53:39+00:00","dateModified":"2017-04-25T05:07:41+00:00","breadcrumb":{"@id":"https:\/\/kestaremesto.grkatke.sk\/?page_id=600#breadcrumb"},"inLanguage":"sk-SK","potentialAction":[{"@type":"ReadAction","target":["https:\/\/kestaremesto.grkatke.sk\/?page_id=600"]}]},{"@type":"ImageObject","inLanguage":"sk-SK","@id":"https:\/\/kestaremesto.grkatke.sk\/?page_id=600#primaryimage","url":"https:\/\/kestaremesto.grkatke.sk\/wp-content\/uploads\/2017\/03\/cl000135_18.jpg","contentUrl":"https:\/\/kestaremesto.grkatke.sk\/wp-content\/uploads\/2017\/03\/cl000135_18.jpg","width":580,"height":869},{"@type":"BreadcrumbList","@id":"https:\/\/kestaremesto.grkatke.sk\/?page_id=600#breadcrumb","itemListElement":[{"@type":"ListItem","position":1,"name":"Domovsk\u00e1 str\u00e1nka","item":"https:\/\/kestaremesto.grkatke.sk\/"},{"@type":"ListItem","position":2,"name":"SVIATOS\u0164 EUCHARISTIE"}]},{"@type":"WebSite","@id":"https:\/\/kestaremesto.grkatke.sk\/#website","url":"https:\/\/kestaremesto.grkatke.sk\/","name":"GR\u00c9CKOKATOL\u00cdCKA CIRKEV FARNOS\u0164 KO\u0160ICE - STAR\u00c9 MESTO","description":"","potentialAction":[{"@type":"SearchAction","target":{"@type":"EntryPoint","urlTemplate":"https:\/\/kestaremesto.grkatke.sk\/?s={search_term_string}"},"query-input":{"@type":"PropertyValueSpecification","valueRequired":true,"valueName":"search_term_string"}}],"inLanguage":"sk-SK"}]}},"_links":{"self":[{"href":"https:\/\/kestaremesto.grkatke.sk\/index.php?rest_route=\/wp\/v2\/pages\/600","targetHints":{"allow":["GET"]}}],"collection":[{"href":"https:\/\/kestaremesto.grkatke.sk\/index.php?rest_route=\/wp\/v2\/pages"}],"about":[{"href":"https:\/\/kestaremesto.grkatke.sk\/index.php?rest_route=\/wp\/v2\/types\/page"}],"author":[{"embeddable":true,"href":"https:\/\/kestaremesto.grkatke.sk\/index.php?rest_route=\/wp\/v2\/users\/2"}],"replies":[{"embeddable":true,"href":"https:\/\/kestaremesto.grkatke.sk\/index.php?rest_route=%2Fwp%2Fv2%2Fcomments&post=600"}],"version-history":[{"count":6,"href":"https:\/\/kestaremesto.grkatke.sk\/index.php?rest_route=\/wp\/v2\/pages\/600\/revisions"}],"predecessor-version":[{"id":617,"href":"https:\/\/kestaremesto.grkatke.sk\/index.php?rest_route=\/wp\/v2\/pages\/600\/revisions\/617"}],"wp:attachment":[{"href":"https:\/\/kestaremesto.grkatke.sk\/index.php?rest_route=%2Fwp%2Fv2%2Fmedia&parent=600"}],"curies":[{"name":"wp","href":"https:\/\/api.w.org\/{rel}","templated":true}]}}