{"id":660,"date":"2017-03-30T09:51:22","date_gmt":"2017-03-30T07:51:22","guid":{"rendered":"https:\/\/kestaremesto.grkatke.sk\/?page_id=660"},"modified":"2020-12-19T22:31:58","modified_gmt":"2020-12-19T21:31:58","slug":"nasa-katedrala-mad","status":"publish","type":"page","link":"https:\/\/kestaremesto.grkatke.sk\/?page_id=660","title":{"rendered":"H\u00cdRLAP &#8211; Sz\u00e9kesegyh\u00e1z"},"content":{"rendered":"<p><a href=\"https:\/\/kestaremesto.grkatke.sk\/wp-content\/uploads\/2019\/01\/Szekesegyhaz_2018_03_December.pdf\" target=\"_blank\" rel=\"noopener noreferrer\"><img loading=\"lazy\" decoding=\"async\" class=\"alignnone wp-image-1545 size-full\" src=\"https:\/\/kestaremesto.grkatke.sk\/wp-content\/uploads\/2019\/01\/Adobe_PDF_file_icon_32x32.png\" alt=\"\" width=\"32\" height=\"32\" \/><\/a>\u00a0 <a href=\"https:\/\/kestaremesto.grkatke.sk\/wp-content\/uploads\/2020\/12\/Szekesegyhaz_2020_December.pdf\" target=\"_blank\" rel=\"noopener noreferrer\">Sz\u00e9kesegyh\u00e1z 2020 &#8211; Kar\u00e1csony [pdf]<\/a><\/p>\n<hr \/>\n<p><a href=\"https:\/\/kestaremesto.grkatke.sk\/wp-content\/uploads\/2019\/01\/Szekesegyhaz_2018_03_December.pdf\" target=\"_blank\" rel=\"noopener noreferrer\"><img loading=\"lazy\" decoding=\"async\" class=\"alignnone wp-image-1545 size-full\" src=\"https:\/\/kestaremesto.grkatke.sk\/wp-content\/uploads\/2019\/01\/Adobe_PDF_file_icon_32x32.png\" alt=\"\" width=\"32\" height=\"32\" \/><\/a>\u00a0 <a href=\"https:\/\/kestaremesto.grkatke.sk\/wp-content\/uploads\/2020\/04\/Szekesegyhaz_2020_Aprilis.pdf\" target=\"_blank\" rel=\"noopener noreferrer\">Sz\u00e9kesegyh\u00e1z 2020 &#8211; H\u00fasv\u00e9t [pdf]<\/a><\/p>\n<p><a href=\"https:\/\/kestaremesto.grkatke.sk\/wp-content\/uploads\/2019\/01\/Szekesegyhaz_2018_03_December.pdf\" target=\"_blank\" rel=\"noopener noreferrer\"><img loading=\"lazy\" decoding=\"async\" class=\"alignnone wp-image-1545 size-full\" src=\"https:\/\/kestaremesto.grkatke.sk\/wp-content\/uploads\/2019\/01\/Adobe_PDF_file_icon_32x32.png\" alt=\"\" width=\"32\" height=\"32\" \/><\/a>\u00a0 <a href=\"https:\/\/kestaremesto.grkatke.sk\/wp-content\/uploads\/2020\/04\/Szekesegyhaz_2019_December.pdf\" target=\"_blank\" rel=\"noopener noreferrer\">Sz\u00e9kesegyh\u00e1z 2019 &#8211; Kar\u00e1csony [pdf]<\/a><\/p>\n<p><a href=\"https:\/\/kestaremesto.grkatke.sk\/wp-content\/uploads\/2019\/01\/Szekesegyhaz_2018_03_December.pdf\" target=\"_blank\" rel=\"noopener noreferrer\"><img loading=\"lazy\" decoding=\"async\" class=\"alignnone wp-image-1545 size-full\" src=\"https:\/\/kestaremesto.grkatke.sk\/wp-content\/uploads\/2019\/01\/Adobe_PDF_file_icon_32x32.png\" alt=\"\" width=\"32\" height=\"32\" \/><\/a>\u00a0 <a href=\"https:\/\/kestaremesto.grkatke.sk\/wp-content\/uploads\/2020\/04\/Szekesegyhaz_2019_01_Aprilis.pdf\" target=\"_blank\" rel=\"noopener noreferrer\">Sz\u00e9kesegyh\u00e1z 2019 &#8211; H\u00fasv\u00e9t [pdf]<\/a><\/p>\n<p><a href=\"https:\/\/kestaremesto.grkatke.sk\/wp-content\/uploads\/2019\/01\/Szekesegyhaz_2018_03_December.pdf\" target=\"_blank\" rel=\"noopener noreferrer\"><img loading=\"lazy\" decoding=\"async\" class=\"alignnone wp-image-1545 size-full\" src=\"https:\/\/kestaremesto.grkatke.sk\/wp-content\/uploads\/2019\/01\/Adobe_PDF_file_icon_32x32.png\" alt=\"\" width=\"32\" height=\"32\" \/><\/a>\u00a0 <a href=\"https:\/\/kestaremesto.grkatke.sk\/wp-content\/uploads\/2019\/01\/Szekesegyhaz_2018_03_December.pdf\" target=\"_blank\" rel=\"noopener noreferrer\">Sz\u00e9kesegyh\u00e1z 2018 &#8211; Kar\u00e1csony [pdf]<\/a><\/p>\n<p>&nbsp;<\/p>\n<p>&nbsp;<\/p>\n","protected":false},"excerpt":{"rendered":"<p>\u00a0 Sz\u00e9kesegyh\u00e1z 2020 &#8211; Kar\u00e1csony [pdf] \u00a0 Sz\u00e9kesegyh\u00e1z 2020 &#8211; H\u00fasv\u00e9t [pdf] \u00a0 Sz\u00e9kesegyh\u00e1z 2019 &#8211; Kar\u00e1csony [pdf] \u00a0 Sz\u00e9kesegyh\u00e1z 2019 &#8211; H\u00fasv\u00e9t [pdf] \u00a0 Sz\u00e9kesegyh\u00e1z 2018 &#8211; Kar\u00e1csony [pdf] &nbsp; &nbsp;<\/p>\n","protected":false},"author":8,"featured_media":0,"parent":0,"menu_order":0,"comment_status":"closed","ping_status":"closed","template":"","meta":{"_coblocks_attr":"","_coblocks_dimensions":"","_coblocks_responsive_height":"","_coblocks_accordion_ie_support":"","footnotes":""},"class_list":["post-660","page","type-page","status-publish","hentry"],"yoast_head":"<!-- This site is optimized with the Yoast SEO plugin v27.4 - https:\/\/yoast.com\/product\/yoast-seo-wordpress\/ -->\n<title>H\u00cdRLAP - Sz\u00e9kesegyh\u00e1z - GR\u00c9CKOKATOL\u00cdCKA CIRKEV FARNOS\u0164 KO\u0160ICE - STAR\u00c9 MESTO<\/title>\n<meta name=\"robots\" content=\"index, follow, max-snippet:-1, max-image-preview:large, max-video-preview:-1\" \/>\n<link rel=\"canonical\" href=\"https:\/\/kestaremesto.grkatke.sk\/?page_id=660\" \/>\n<meta property=\"og:locale\" content=\"sk_SK\" \/>\n<meta property=\"og:type\" content=\"article\" \/>\n<meta property=\"og:title\" content=\"H\u00cdRLAP - Sz\u00e9kesegyh\u00e1z - GR\u00c9CKOKATOL\u00cdCKA CIRKEV FARNOS\u0164 KO\u0160ICE - STAR\u00c9 MESTO\" \/>\n<meta property=\"og:description\" content=\"\u00a0 Sz\u00e9kesegyh\u00e1z 2020 &#8211; Kar\u00e1csony [pdf] \u00a0 Sz\u00e9kesegyh\u00e1z 2020 &#8211; H\u00fasv\u00e9t [pdf] \u00a0 Sz\u00e9kesegyh\u00e1z 2019 &#8211; Kar\u00e1csony [pdf] \u00a0 Sz\u00e9kesegyh\u00e1z 2019 &#8211; H\u00fasv\u00e9t [pdf] \u00a0 Sz\u00e9kesegyh\u00e1z 2018 &#8211; Kar\u00e1csony [pdf] &nbsp; &nbsp;\" \/>\n<meta property=\"og:url\" content=\"https:\/\/kestaremesto.grkatke.sk\/?page_id=660\" \/>\n<meta property=\"og:site_name\" content=\"GR\u00c9CKOKATOL\u00cdCKA CIRKEV FARNOS\u0164 KO\u0160ICE - STAR\u00c9 MESTO\" \/>\n<meta property=\"article:publisher\" content=\"https:\/\/www.facebook.com\/Na%c5%a1a-Katedr%c3%a1la-231637610336060\/\" \/>\n<meta property=\"article:modified_time\" content=\"2020-12-19T21:31:58+00:00\" \/>\n<meta property=\"og:image\" content=\"https:\/\/kestaremesto.grkatke.sk\/wp-content\/uploads\/2019\/01\/Adobe_PDF_file_icon_32x32.png\" \/>\n<meta name=\"twitter:card\" content=\"summary_large_image\" \/>\n<script type=\"application\/ld+json\" class=\"yoast-schema-graph\">{\"@context\":\"https:\\\/\\\/schema.org\",\"@graph\":[{\"@type\":\"WebPage\",\"@id\":\"https:\\\/\\\/kestaremesto.grkatke.sk\\\/?page_id=660\",\"url\":\"https:\\\/\\\/kestaremesto.grkatke.sk\\\/?page_id=660\",\"name\":\"H\u00cdRLAP - Sz\u00e9kesegyh\u00e1z - GR\u00c9CKOKATOL\u00cdCKA CIRKEV FARNOS\u0164 KO\u0160ICE - STAR\u00c9 MESTO\",\"isPartOf\":{\"@id\":\"https:\\\/\\\/kestaremesto.grkatke.sk\\\/#website\"},\"primaryImageOfPage\":{\"@id\":\"https:\\\/\\\/kestaremesto.grkatke.sk\\\/?page_id=660#primaryimage\"},\"image\":{\"@id\":\"https:\\\/\\\/kestaremesto.grkatke.sk\\\/?page_id=660#primaryimage\"},\"thumbnailUrl\":\"https:\\\/\\\/kestaremesto.grkatke.sk\\\/wp-content\\\/uploads\\\/2019\\\/01\\\/Adobe_PDF_file_icon_32x32.png\",\"datePublished\":\"2017-03-30T07:51:22+00:00\",\"dateModified\":\"2020-12-19T21:31:58+00:00\",\"breadcrumb\":{\"@id\":\"https:\\\/\\\/kestaremesto.grkatke.sk\\\/?page_id=660#breadcrumb\"},\"inLanguage\":\"sk-SK\",\"potentialAction\":[{\"@type\":\"ReadAction\",\"target\":[\"https:\\\/\\\/kestaremesto.grkatke.sk\\\/?page_id=660\"]}]},{\"@type\":\"ImageObject\",\"inLanguage\":\"sk-SK\",\"@id\":\"https:\\\/\\\/kestaremesto.grkatke.sk\\\/?page_id=660#primaryimage\",\"url\":\"https:\\\/\\\/kestaremesto.grkatke.sk\\\/wp-content\\\/uploads\\\/2019\\\/01\\\/Adobe_PDF_file_icon_32x32.png\",\"contentUrl\":\"https:\\\/\\\/kestaremesto.grkatke.sk\\\/wp-content\\\/uploads\\\/2019\\\/01\\\/Adobe_PDF_file_icon_32x32.png\",\"width\":32,\"height\":32},{\"@type\":\"BreadcrumbList\",\"@id\":\"https:\\\/\\\/kestaremesto.grkatke.sk\\\/?page_id=660#breadcrumb\",\"itemListElement\":[{\"@type\":\"ListItem\",\"position\":1,\"name\":\"Domovsk\u00e1 str\u00e1nka\",\"item\":\"https:\\\/\\\/kestaremesto.grkatke.sk\\\/\"},{\"@type\":\"ListItem\",\"position\":2,\"name\":\"H\u00cdRLAP &#8211; Sz\u00e9kesegyh\u00e1z\"}]},{\"@type\":\"WebSite\",\"@id\":\"https:\\\/\\\/kestaremesto.grkatke.sk\\\/#website\",\"url\":\"https:\\\/\\\/kestaremesto.grkatke.sk\\\/\",\"name\":\"GR\u00c9CKOKATOL\u00cdCKA CIRKEV FARNOS\u0164 KO\u0160ICE - STAR\u00c9 MESTO\",\"description\":\"\",\"potentialAction\":[{\"@type\":\"SearchAction\",\"target\":{\"@type\":\"EntryPoint\",\"urlTemplate\":\"https:\\\/\\\/kestaremesto.grkatke.sk\\\/?s={search_term_string}\"},\"query-input\":{\"@type\":\"PropertyValueSpecification\",\"valueRequired\":true,\"valueName\":\"search_term_string\"}}],\"inLanguage\":\"sk-SK\"}]}<\/script>\n<!-- \/ Yoast SEO plugin. -->","yoast_head_json":{"title":"H\u00cdRLAP - Sz\u00e9kesegyh\u00e1z - GR\u00c9CKOKATOL\u00cdCKA CIRKEV FARNOS\u0164 KO\u0160ICE - STAR\u00c9 MESTO","robots":{"index":"index","follow":"follow","max-snippet":"max-snippet:-1","max-image-preview":"max-image-preview:large","max-video-preview":"max-video-preview:-1"},"canonical":"https:\/\/kestaremesto.grkatke.sk\/?page_id=660","og_locale":"sk_SK","og_type":"article","og_title":"H\u00cdRLAP - Sz\u00e9kesegyh\u00e1z - GR\u00c9CKOKATOL\u00cdCKA CIRKEV FARNOS\u0164 KO\u0160ICE - STAR\u00c9 MESTO","og_description":"\u00a0 Sz\u00e9kesegyh\u00e1z 2020 &#8211; Kar\u00e1csony [pdf] \u00a0 Sz\u00e9kesegyh\u00e1z 2020 &#8211; H\u00fasv\u00e9t [pdf] \u00a0 Sz\u00e9kesegyh\u00e1z 2019 &#8211; Kar\u00e1csony [pdf] \u00a0 Sz\u00e9kesegyh\u00e1z 2019 &#8211; H\u00fasv\u00e9t [pdf] \u00a0 Sz\u00e9kesegyh\u00e1z 2018 &#8211; Kar\u00e1csony [pdf] &nbsp; &nbsp;","og_url":"https:\/\/kestaremesto.grkatke.sk\/?page_id=660","og_site_name":"GR\u00c9CKOKATOL\u00cdCKA CIRKEV FARNOS\u0164 KO\u0160ICE - STAR\u00c9 MESTO","article_publisher":"https:\/\/www.facebook.com\/Na%c5%a1a-Katedr%c3%a1la-231637610336060\/","article_modified_time":"2020-12-19T21:31:58+00:00","og_image":[{"url":"https:\/\/kestaremesto.grkatke.sk\/wp-content\/uploads\/2019\/01\/Adobe_PDF_file_icon_32x32.png","type":"","width":"","height":""}],"twitter_card":"summary_large_image","schema":{"@context":"https:\/\/schema.org","@graph":[{"@type":"WebPage","@id":"https:\/\/kestaremesto.grkatke.sk\/?page_id=660","url":"https:\/\/kestaremesto.grkatke.sk\/?page_id=660","name":"H\u00cdRLAP - Sz\u00e9kesegyh\u00e1z - GR\u00c9CKOKATOL\u00cdCKA CIRKEV FARNOS\u0164 KO\u0160ICE - STAR\u00c9 MESTO","isPartOf":{"@id":"https:\/\/kestaremesto.grkatke.sk\/#website"},"primaryImageOfPage":{"@id":"https:\/\/kestaremesto.grkatke.sk\/?page_id=660#primaryimage"},"image":{"@id":"https:\/\/kestaremesto.grkatke.sk\/?page_id=660#primaryimage"},"thumbnailUrl":"https:\/\/kestaremesto.grkatke.sk\/wp-content\/uploads\/2019\/01\/Adobe_PDF_file_icon_32x32.png","datePublished":"2017-03-30T07:51:22+00:00","dateModified":"2020-12-19T21:31:58+00:00","breadcrumb":{"@id":"https:\/\/kestaremesto.grkatke.sk\/?page_id=660#breadcrumb"},"inLanguage":"sk-SK","potentialAction":[{"@type":"ReadAction","target":["https:\/\/kestaremesto.grkatke.sk\/?page_id=660"]}]},{"@type":"ImageObject","inLanguage":"sk-SK","@id":"https:\/\/kestaremesto.grkatke.sk\/?page_id=660#primaryimage","url":"https:\/\/kestaremesto.grkatke.sk\/wp-content\/uploads\/2019\/01\/Adobe_PDF_file_icon_32x32.png","contentUrl":"https:\/\/kestaremesto.grkatke.sk\/wp-content\/uploads\/2019\/01\/Adobe_PDF_file_icon_32x32.png","width":32,"height":32},{"@type":"BreadcrumbList","@id":"https:\/\/kestaremesto.grkatke.sk\/?page_id=660#breadcrumb","itemListElement":[{"@type":"ListItem","position":1,"name":"Domovsk\u00e1 str\u00e1nka","item":"https:\/\/kestaremesto.grkatke.sk\/"},{"@type":"ListItem","position":2,"name":"H\u00cdRLAP &#8211; Sz\u00e9kesegyh\u00e1z"}]},{"@type":"WebSite","@id":"https:\/\/kestaremesto.grkatke.sk\/#website","url":"https:\/\/kestaremesto.grkatke.sk\/","name":"GR\u00c9CKOKATOL\u00cdCKA CIRKEV FARNOS\u0164 KO\u0160ICE - STAR\u00c9 MESTO","description":"","potentialAction":[{"@type":"SearchAction","target":{"@type":"EntryPoint","urlTemplate":"https:\/\/kestaremesto.grkatke.sk\/?s={search_term_string}"},"query-input":{"@type":"PropertyValueSpecification","valueRequired":true,"valueName":"search_term_string"}}],"inLanguage":"sk-SK"}]}},"_links":{"self":[{"href":"https:\/\/kestaremesto.grkatke.sk\/index.php?rest_route=\/wp\/v2\/pages\/660","targetHints":{"allow":["GET"]}}],"collection":[{"href":"https:\/\/kestaremesto.grkatke.sk\/index.php?rest_route=\/wp\/v2\/pages"}],"about":[{"href":"https:\/\/kestaremesto.grkatke.sk\/index.php?rest_route=\/wp\/v2\/types\/page"}],"author":[{"embeddable":true,"href":"https:\/\/kestaremesto.grkatke.sk\/index.php?rest_route=\/wp\/v2\/users\/8"}],"replies":[{"embeddable":true,"href":"https:\/\/kestaremesto.grkatke.sk\/index.php?rest_route=%2Fwp%2Fv2%2Fcomments&post=660"}],"version-history":[{"count":7,"href":"https:\/\/kestaremesto.grkatke.sk\/index.php?rest_route=\/wp\/v2\/pages\/660\/revisions"}],"predecessor-version":[{"id":2507,"href":"https:\/\/kestaremesto.grkatke.sk\/index.php?rest_route=\/wp\/v2\/pages\/660\/revisions\/2507"}],"wp:attachment":[{"href":"https:\/\/kestaremesto.grkatke.sk\/index.php?rest_route=%2Fwp%2Fv2%2Fmedia&parent=660"}],"curies":[{"name":"wp","href":"https:\/\/api.w.org\/{rel}","templated":true}]}}