{"id":7,"date":"2016-07-07T21:44:37","date_gmt":"2016-07-07T19:44:37","guid":{"rendered":"https:\/\/kestaremesto.grkatke.sk\/?page_id=7"},"modified":"2026-05-05T22:28:08","modified_gmt":"2026-05-05T20:28:08","slug":"oznamy","status":"publish","type":"page","link":"https:\/\/kestaremesto.grkatke.sk\/?page_id=7","title":{"rendered":"OZNAMY"},"content":{"rendered":"<p style=\"text-align: justify;\"><span style=\"color: #000000;\"><strong>DNES (03. 05.<\/strong><strong>):<br \/>\n<\/strong><\/span><\/p>\n<ul style=\"text-align: justify;\">\n<li><span style=\"color: #000000;\"><strong><b>na znak na\u0161ej ve\u013ekej radosti pri bohoslu\u017eb\u00e1ch a\u017e do Zost\u00fapenia sv. Ducha nebudeme k\u013eaka\u0165;<\/b><\/strong><\/span><\/li>\n<li><span style=\"color: #000000;\"><strong><b>o 17:00 v\u00e1s poz\u00fdvame na ve\u010diere\u0148.<\/b><\/strong><\/span><\/li>\n<\/ul>\n<div>\n<p>&nbsp;<\/p>\n<\/div>\n<div>\n<ul style=\"text-align: justify;\">\n<li><span style=\"color: #000000;\">Po\u010das pracovn\u00fdch dn\u00ed: sv. liturgia o 6:30 ** 12:00 ** 17:00. Utiere\u0148 o 7:30, ve\u010diere\u0148 po ve\u010dernej sv. liturgii (cca 17:45).<\/span><\/li>\n<li><span style=\"color: #000000;\">Vst\u00fapili sme do mesiaca <strong>m\u00e1j<\/strong>, ktor\u00fd je <strong>zasv\u00e4ten\u00fd Presv\u00e4tej Bohorodi\u010dke.<\/strong> V pondelok po sv. liturgii namiesto ve\u010dierne (cca 17:45) sa pomodl\u00edme <em>Akatist k presv\u00e4tej Bohorodi\u010dke<\/em> (bude vysielan\u00fd na r\u00e1diu M\u00e1ria). Od utorka do piatku o 16:45 sa pomodl\u00edme <em>Moleben k Pre\u010distej Bohorodi\u010dke.\u00a0<\/em><\/span><\/li>\n<\/ul>\n<\/div>\n<p>&nbsp;<\/p>\n<ul>\n<li style=\"font-weight: 400; text-align: justify;\" aria-level=\"1\"><span style=\"font-weight: 400; color: #000000;\">Deti a ml\u00e1de\u017e poz\u00fdvame na n\u00e1\u0161<strong> letn\u00fd farsk\u00fd t\u00e1bor Her\u013eany 2026.<\/strong> Prihlasova\u0165 sa m\u00f4\u017eu \u017eiaci Z\u0160. Term\u00edn: Od pondelka do piatku 6. &#8211; 10. j\u00fal 2026. Cena 147,- \u20ac\/os.<\/span><\/li>\n<li style=\"font-weight: 400; text-align: justify;\" aria-level=\"1\"><span style=\"font-weight: 400; color: #000000;\">Kol\u00e9gium sv. Sedmopo\u010detn\u00edkov (Komensk\u00e9ho 14) n\u00e1s poz\u00fdva v utorok <span style=\"color: #000000;\">(05. 05.)<\/span> o 19:00 h. na <strong>predn\u00e1\u0161ku <em>&#8222;Politika ako n\u00e1stroj na spravovanie spolo\u010dnosti&#8220;.<\/em><\/strong> Hos\u0165:\u00a0 b\u00fdval\u00fd predseda N\u00e1rodnej Rady SR Pavol Hru\u0161ovsk\u00fd.<\/span><\/li>\n<li style=\"font-weight: 400; text-align: justify;\" aria-level=\"1\"><span style=\"font-weight: 400; color: #000000;\"><span style=\"font-weight: 400;\">Na bud\u00facu nede\u013eu <span style=\"color: #000000;\">(10. 05.) <\/span>po ka\u017edej sv\u00e4tej liturgii pred katedr\u00e1lnym chr\u00e1mom budete m\u00f4c\u0165 ochutna\u0165 z mini-dobr\u00f4t, ktor\u00e9 pripravuje komunita ukrajinsk\u00fdch veriacich nasej farnosti. Toto podujatie &#8211; s po\u017eehnan\u00edm n\u00e1\u0161ho vladyku Cyrila &#8211; ma \u010disto charitat\u00edvny charakter, preto\u017ee ak\u00fdko\u013evek dobrovo\u013en\u00fd pr\u00edspevok \u00fa\u010dinn\u00fd pri tejto pr\u00edle\u017eitosti z va\u0161ej strany bude pou\u017eit\u00fd na humanit\u00e1rnu podporu \u013eud\u00ed, ktor\u00ed v d\u00f4sledku vojny na Ukrajine, boli n\u00faten\u00ed opusti\u0165 svoje domovy a h\u013eada\u0165 si \u00fato\u010disko na Slovensku a teda aj v na\u0161om meste a v na\u0161ej farnosti. Organiz\u00e1tori tejto akcie v\u00e1m u\u017e vopred \u010fakuj\u00fa za ka\u017ed\u00fd prejav sympatii a pomoci z va\u0161ej strany.<\/span><\/span><\/li>\n<\/ul>\n<p>&nbsp;<\/p>\n<ul>\n<li><span style=\"color: #000000;\">Poz\u00fdvame v\u00e1s na <strong>pastora\u010dn\u00e9 aktivity<\/strong> v pastora\u010dnom centre:<\/span>\n<ul style=\"text-align: justify;\">\n<li><span style=\"color: #000000;\"><strong>utorok<\/strong> (<span style=\"font-weight: 400; color: #000000;\">05. 05.<\/span>) o 18:00 &#8211; <strong>Biblick\u00fd ve\u010der.<\/strong><\/span><\/li>\n<\/ul>\n<\/li>\n<\/ul>\n<div>\n<p>&nbsp;<\/p>\n<\/div>\n<p style=\"text-align: center;\"><span style=\"color: #ffbf00; font-size: 25px;\"><b><i>CHRIST\u00d3S VOSKR\u00c9SE! &#8211; VO\u00cdSTINU VOSKR\u00c9SE!<\/i><\/b><\/span><\/p>\n<p style=\"text-align: center;\"><strong><span style=\"color: #ffbf00; font-size: 25px;\"><i>PO\u017dEHNAN\u00da NEDE\u013dU AJ BUD\u00daCI T\u00dd\u017dDE\u0147<\/i><\/span><\/strong><\/p>\n","protected":false},"excerpt":{"rendered":"<p>DNES (03. 05.): na znak na\u0161ej ve\u013ekej radosti pri bohoslu\u017eb\u00e1ch a\u017e do Zost\u00fapenia sv. Ducha nebudeme k\u013eaka\u0165; o 17:00 v\u00e1s poz\u00fdvame na ve\u010diere\u0148. &nbsp; Po\u010das pracovn\u00fdch dn\u00ed: sv. liturgia o 6:30 ** 12:00 ** 17:00. Utiere\u0148 o 7:30, ve\u010diere\u0148 po ve\u010dernej sv. liturgii (cca 17:45). Vst\u00fapili sme do mesiaca m\u00e1j, ktor\u00fd je zasv\u00e4ten\u00fd Presv\u00e4tej Bohorodi\u010dke. [&hellip;]<\/p>\n","protected":false},"author":2,"featured_media":0,"parent":11,"menu_order":0,"comment_status":"closed","ping_status":"closed","template":"","meta":{"_coblocks_attr":"","_coblocks_dimensions":"","_coblocks_responsive_height":"","_coblocks_accordion_ie_support":"","footnotes":""},"class_list":["post-7","page","type-page","status-publish","hentry"],"yoast_head":"<!-- This site is optimized with the Yoast SEO plugin v27.5 - https:\/\/yoast.com\/product\/yoast-seo-wordpress\/ -->\n<title>OZNAMY - GR\u00c9CKOKATOL\u00cdCKA CIRKEV FARNOS\u0164 KO\u0160ICE - STAR\u00c9 MESTO<\/title>\n<meta name=\"robots\" content=\"index, follow, max-snippet:-1, max-image-preview:large, max-video-preview:-1\" \/>\n<link rel=\"canonical\" href=\"https:\/\/kestaremesto.grkatke.sk\/?page_id=7\" \/>\n<meta property=\"og:locale\" content=\"sk_SK\" \/>\n<meta property=\"og:type\" content=\"article\" \/>\n<meta property=\"og:title\" content=\"OZNAMY - GR\u00c9CKOKATOL\u00cdCKA CIRKEV FARNOS\u0164 KO\u0160ICE - STAR\u00c9 MESTO\" \/>\n<meta property=\"og:description\" content=\"DNES (03. 05.): na znak na\u0161ej ve\u013ekej radosti pri bohoslu\u017eb\u00e1ch a\u017e do Zost\u00fapenia sv. Ducha nebudeme k\u013eaka\u0165; o 17:00 v\u00e1s poz\u00fdvame na ve\u010diere\u0148. &nbsp; Po\u010das pracovn\u00fdch dn\u00ed: sv. liturgia o 6:30 ** 12:00 ** 17:00. Utiere\u0148 o 7:30, ve\u010diere\u0148 po ve\u010dernej sv. liturgii (cca 17:45). Vst\u00fapili sme do mesiaca m\u00e1j, ktor\u00fd je zasv\u00e4ten\u00fd Presv\u00e4tej Bohorodi\u010dke. [&hellip;]\" \/>\n<meta property=\"og:url\" content=\"https:\/\/kestaremesto.grkatke.sk\/?page_id=7\" \/>\n<meta property=\"og:site_name\" content=\"GR\u00c9CKOKATOL\u00cdCKA CIRKEV FARNOS\u0164 KO\u0160ICE - STAR\u00c9 MESTO\" \/>\n<meta property=\"article:publisher\" content=\"https:\/\/www.facebook.com\/Na%c5%a1a-Katedr%c3%a1la-231637610336060\/\" \/>\n<meta property=\"article:modified_time\" content=\"2026-05-05T20:28:08+00:00\" \/>\n<meta name=\"twitter:card\" content=\"summary_large_image\" \/>\n<meta name=\"twitter:label1\" content=\"Predpokladan\u00fd \u010das \u010d\u00edtania\" \/>\n\t<meta name=\"twitter:data1\" content=\"2 min\u00faty\" \/>\n<script type=\"application\/ld+json\" class=\"yoast-schema-graph\">{\"@context\":\"https:\\\/\\\/schema.org\",\"@graph\":[{\"@type\":\"WebPage\",\"@id\":\"https:\\\/\\\/kestaremesto.grkatke.sk\\\/?page_id=7\",\"url\":\"https:\\\/\\\/kestaremesto.grkatke.sk\\\/?page_id=7\",\"name\":\"OZNAMY - GR\u00c9CKOKATOL\u00cdCKA CIRKEV FARNOS\u0164 KO\u0160ICE - STAR\u00c9 MESTO\",\"isPartOf\":{\"@id\":\"https:\\\/\\\/kestaremesto.grkatke.sk\\\/#website\"},\"datePublished\":\"2016-07-07T19:44:37+00:00\",\"dateModified\":\"2026-05-05T20:28:08+00:00\",\"breadcrumb\":{\"@id\":\"https:\\\/\\\/kestaremesto.grkatke.sk\\\/?page_id=7#breadcrumb\"},\"inLanguage\":\"sk-SK\",\"potentialAction\":[{\"@type\":\"ReadAction\",\"target\":[\"https:\\\/\\\/kestaremesto.grkatke.sk\\\/?page_id=7\"]}]},{\"@type\":\"BreadcrumbList\",\"@id\":\"https:\\\/\\\/kestaremesto.grkatke.sk\\\/?page_id=7#breadcrumb\",\"itemListElement\":[{\"@type\":\"ListItem\",\"position\":1,\"name\":\"Domovsk\u00e1 str\u00e1nka\",\"item\":\"https:\\\/\\\/kestaremesto.grkatke.sk\\\/\"},{\"@type\":\"ListItem\",\"position\":2,\"name\":\"LITURGICK\u00dd PROGRAM &#8211; KATEDR\u00c1LNY CHR\u00c1M\",\"item\":\"https:\\\/\\\/kestaremesto.grkatke.sk\\\/\"},{\"@type\":\"ListItem\",\"position\":3,\"name\":\"OZNAMY\"}]},{\"@type\":\"WebSite\",\"@id\":\"https:\\\/\\\/kestaremesto.grkatke.sk\\\/#website\",\"url\":\"https:\\\/\\\/kestaremesto.grkatke.sk\\\/\",\"name\":\"GR\u00c9CKOKATOL\u00cdCKA CIRKEV FARNOS\u0164 KO\u0160ICE - STAR\u00c9 MESTO\",\"description\":\"\",\"potentialAction\":[{\"@type\":\"SearchAction\",\"target\":{\"@type\":\"EntryPoint\",\"urlTemplate\":\"https:\\\/\\\/kestaremesto.grkatke.sk\\\/?s={search_term_string}\"},\"query-input\":{\"@type\":\"PropertyValueSpecification\",\"valueRequired\":true,\"valueName\":\"search_term_string\"}}],\"inLanguage\":\"sk-SK\"}]}<\/script>\n<!-- \/ Yoast SEO plugin. -->","yoast_head_json":{"title":"OZNAMY - GR\u00c9CKOKATOL\u00cdCKA CIRKEV FARNOS\u0164 KO\u0160ICE - STAR\u00c9 MESTO","robots":{"index":"index","follow":"follow","max-snippet":"max-snippet:-1","max-image-preview":"max-image-preview:large","max-video-preview":"max-video-preview:-1"},"canonical":"https:\/\/kestaremesto.grkatke.sk\/?page_id=7","og_locale":"sk_SK","og_type":"article","og_title":"OZNAMY - GR\u00c9CKOKATOL\u00cdCKA CIRKEV FARNOS\u0164 KO\u0160ICE - STAR\u00c9 MESTO","og_description":"DNES (03. 05.): na znak na\u0161ej ve\u013ekej radosti pri bohoslu\u017eb\u00e1ch a\u017e do Zost\u00fapenia sv. Ducha nebudeme k\u013eaka\u0165; o 17:00 v\u00e1s poz\u00fdvame na ve\u010diere\u0148. &nbsp; Po\u010das pracovn\u00fdch dn\u00ed: sv. liturgia o 6:30 ** 12:00 ** 17:00. Utiere\u0148 o 7:30, ve\u010diere\u0148 po ve\u010dernej sv. liturgii (cca 17:45). Vst\u00fapili sme do mesiaca m\u00e1j, ktor\u00fd je zasv\u00e4ten\u00fd Presv\u00e4tej Bohorodi\u010dke. [&hellip;]","og_url":"https:\/\/kestaremesto.grkatke.sk\/?page_id=7","og_site_name":"GR\u00c9CKOKATOL\u00cdCKA CIRKEV FARNOS\u0164 KO\u0160ICE - STAR\u00c9 MESTO","article_publisher":"https:\/\/www.facebook.com\/Na%c5%a1a-Katedr%c3%a1la-231637610336060\/","article_modified_time":"2026-05-05T20:28:08+00:00","twitter_card":"summary_large_image","twitter_misc":{"Predpokladan\u00fd \u010das \u010d\u00edtania":"2 min\u00faty"},"schema":{"@context":"https:\/\/schema.org","@graph":[{"@type":"WebPage","@id":"https:\/\/kestaremesto.grkatke.sk\/?page_id=7","url":"https:\/\/kestaremesto.grkatke.sk\/?page_id=7","name":"OZNAMY - GR\u00c9CKOKATOL\u00cdCKA CIRKEV FARNOS\u0164 KO\u0160ICE - STAR\u00c9 MESTO","isPartOf":{"@id":"https:\/\/kestaremesto.grkatke.sk\/#website"},"datePublished":"2016-07-07T19:44:37+00:00","dateModified":"2026-05-05T20:28:08+00:00","breadcrumb":{"@id":"https:\/\/kestaremesto.grkatke.sk\/?page_id=7#breadcrumb"},"inLanguage":"sk-SK","potentialAction":[{"@type":"ReadAction","target":["https:\/\/kestaremesto.grkatke.sk\/?page_id=7"]}]},{"@type":"BreadcrumbList","@id":"https:\/\/kestaremesto.grkatke.sk\/?page_id=7#breadcrumb","itemListElement":[{"@type":"ListItem","position":1,"name":"Domovsk\u00e1 str\u00e1nka","item":"https:\/\/kestaremesto.grkatke.sk\/"},{"@type":"ListItem","position":2,"name":"LITURGICK\u00dd PROGRAM &#8211; KATEDR\u00c1LNY CHR\u00c1M","item":"https:\/\/kestaremesto.grkatke.sk\/"},{"@type":"ListItem","position":3,"name":"OZNAMY"}]},{"@type":"WebSite","@id":"https:\/\/kestaremesto.grkatke.sk\/#website","url":"https:\/\/kestaremesto.grkatke.sk\/","name":"GR\u00c9CKOKATOL\u00cdCKA CIRKEV FARNOS\u0164 KO\u0160ICE - STAR\u00c9 MESTO","description":"","potentialAction":[{"@type":"SearchAction","target":{"@type":"EntryPoint","urlTemplate":"https:\/\/kestaremesto.grkatke.sk\/?s={search_term_string}"},"query-input":{"@type":"PropertyValueSpecification","valueRequired":true,"valueName":"search_term_string"}}],"inLanguage":"sk-SK"}]}},"_links":{"self":[{"href":"https:\/\/kestaremesto.grkatke.sk\/index.php?rest_route=\/wp\/v2\/pages\/7","targetHints":{"allow":["GET"]}}],"collection":[{"href":"https:\/\/kestaremesto.grkatke.sk\/index.php?rest_route=\/wp\/v2\/pages"}],"about":[{"href":"https:\/\/kestaremesto.grkatke.sk\/index.php?rest_route=\/wp\/v2\/types\/page"}],"author":[{"embeddable":true,"href":"https:\/\/kestaremesto.grkatke.sk\/index.php?rest_route=\/wp\/v2\/users\/2"}],"replies":[{"embeddable":true,"href":"https:\/\/kestaremesto.grkatke.sk\/index.php?rest_route=%2Fwp%2Fv2%2Fcomments&post=7"}],"version-history":[{"count":8,"href":"https:\/\/kestaremesto.grkatke.sk\/index.php?rest_route=\/wp\/v2\/pages\/7\/revisions"}],"predecessor-version":[{"id":5098,"href":"https:\/\/kestaremesto.grkatke.sk\/index.php?rest_route=\/wp\/v2\/pages\/7\/revisions\/5098"}],"up":[{"embeddable":true,"href":"https:\/\/kestaremesto.grkatke.sk\/index.php?rest_route=\/wp\/v2\/pages\/11"}],"wp:attachment":[{"href":"https:\/\/kestaremesto.grkatke.sk\/index.php?rest_route=%2Fwp%2Fv2%2Fmedia&parent=7"}],"curies":[{"name":"wp","href":"https:\/\/api.w.org\/{rel}","templated":true}]}}